{"id":969,"date":"2024-08-05T11:08:20","date_gmt":"2024-08-05T09:08:20","guid":{"rendered":"https:\/\/bip2.dkswit.com.pl\/?page_id=969"},"modified":"2024-09-23T13:16:17","modified_gmt":"2024-09-23T11:16:17","slug":"specjalista-ds-wydarzen","status":"publish","type":"page","link":"https:\/\/bip2.dkswit.com.pl\/index.php\/specjalista-ds-wydarzen\/","title":{"rendered":"Specjalista ds. wydarze\u0144"},"content":{"rendered":"\n<p>Dom Kultury \u201e\u015awit\u201d w Dzielnicy Targ\u00f3wek m.st Warszawy w zwi\u0105zku z dynamicznym rozwojem do swojego zespo\u0142u poszukuje os\u00f3b na stanowisko Specjalisty ds. wydarze\u0144<\/p>\n\n\n\n<p>Miejsce pracy: Dom Kultury \u201e\u015awit\u201d w Dzielnicy Targ\u00f3wek m.st. Warszawy<\/p>\n\n\n\n<p><strong>Do zada\u0144 os\u00f3b zatrudnionych na tym stanowisku nale\u017ce\u0107 b\u0119dzie m. in.:<\/strong><br>\u2022 koordynacja wydarze\u0144 i projekt\u00f3w kulturalnych,<br>\u2022 wsp\u00f3\u0142praca z instytucjami, organizacjami spo\u0142ecznymi i pozarz\u0105dowymi, animatorami kultury, aktywistami miejskimi, spo\u0142eczno\u015bci\u0105 lokaln\u0105 w dziedzinie kultury, czasu wolnego, integracji spo\u0142ecznej,<br>\u2022 utrzymywanie kontaktu z realizatorami, producentami, technikami, wykonawcami i innymi partnerami zewn\u0119trznymi bior\u0105cymi udzia\u0142 w przedsi\u0119wzi\u0119ciach DK \u015awit,<br>\u2022 sporz\u0105dzanie i przestrzeganie harmonogram\u00f3w realizacji projekt\u00f3w;<br>\u2022 planowanie, organizowanie i realizowanie zada\u0144 w zakresie imprez wg programu dzia\u0142alno\u015bci merytorycznej DK \u015aWIT zgodnie ze statutem, tj. kultury, rekreacji i kultury fizycznej,<br>\u2022 produkcja wydarze\u0144 artystycznych i \u015brodowiskowych (m.in. przegl\u0105dy, spektakle teatralne, wystawy, koncerty i seanse oraz imprezy dla dzieci),<\/p>\n\n\n\n<p><strong>Kompetencje i wymagania:<\/strong><br>\u2022 wykszta\u0142cenie wy\u017csze,<br>\u2022 do\u015bwiadczenie w realizacji projekt\u00f3w kulturalnych i pracy w instytucjach kultury,<br>\u2022 sporz\u0105dzanie kosztorys\u00f3w, rozliczanie projekt\u00f3w i nadzorowanie ich realizacji,<br>\u2022 znajomo\u015b\u0107 przemian zachodz\u0105cych w kulturze i aktualnych trend\u00f3w,<br>\u2022 odpowiedzialno\u015b\u0107 za realizowane projekty,<br>\u2022 otwarto\u015b\u0107,<br>\u2022 umiej\u0119tno\u015b\u0107 pracy w zespole,<br>\u2022 wysoka kultura osobista,<br>\u2022 odporno\u015b\u0107 na stres,<br>\u2022 doskona\u0142a organizacja pracy, samodzielno\u015b\u0107, kreatywno\u015b\u0107,<br>\u2022 za\u015bwiadczenia z Krajowego Rejestru Karnego o niekaralno\u015bci \u201ew zakresie przest\u0119pstw okre\u015blonych w rozdziale XIX i XXV Kodeksu karnego (w tym przest\u0119pstwa przeciwko wolno\u015bci seksualnej i obyczajno\u015bci), w art. 189a i art. 207 Kodeksu karnego oraz w ustawie z dnia 29 lipca 2005 r. o przeciwdzia\u0142aniu narkomanii (Dz. U. z 2023 r. poz. 172 oraz z 2022 r. poz. 2600), lub za odpowiadaj\u0105ce tym przest\u0119pstwom czyny zabronione okre\u015blone w przepisach prawa obcego.&#8221; z kartoteki karnej i nieletnich.<\/p>\n\n\n\n<p><strong>Oferujemy:<\/strong><br>\u2022 umow\u0119 o prac\u0119 \/pe\u0142en etat,<br>\u2022 fundusz \u015bwiadcze\u0144 socjalnych,<br>\u2022 wynagrodzenie brutto od 5 440,00 do 7 040,00 (wynagrodzenie zasadnicze+premia+ dodatek sta\u017cowy od 5% do 20% wynagrodzenia zasadniczego), tj. na r\u0119k\u0119 ok. 4 000,00 do 5 120,00 z\u0142, nagroda<br>\u2022 przyjemn\u0105 lokalizacj\u0119 w naszej siedzibie w Warszawie przy. ul. Wysockiego 11 otoczonej parkiem, z t\u0119\u017cni\u0105, kawiarni\u0105, ogrodem spo\u0142ecznym, z parkingiem i bezpo\u015brednio s\u0105siaduj\u0105cym przystankiem komunikacji publicznej.<\/p>\n\n\n\n<p><strong>Termin przyjmowania ofert:<br><\/strong>Zainteresowane osoby prosimy o przes\u0142anie CV na adres: rekrutacja@dkswit.com.pl z nazw\u0105 stanowiska w temacie wiadomo\u015bci lub dostarczenie osobiste w zaklejonej i opisanej kopercie do kasy DK \u201e\u015awit\u201d do dnia 19.09.2024r. Informujemy, \u017ce skontaktujemy si\u0119 tylko w wybranymi Kandydatami. Pozosta\u0142ym osobom dzi\u0119kujemy za zainteresowanie nasz\u0105 ofert\u0105. Nades\u0142anych dokument\u00f3w nie zwracamy.<br>Przetwarzanie danych osobowych w procesie rekrutacji:<br>Do cel\u00f3w rekrutacyjnych prosimy zawrze\u0107 w aplikacji niniejsz\u0105 klauzul\u0119:<br>\u201eZgoda na przetwarzanie danych osobowych<br>Wyra\u017cam zgod\u0119 na przetwarzanie moich danych osobowych w procesie rekrutacji na stanowisko Specjalisty ds. wydarze\u0144 prowadzonym przez Dom Kultury \u201e\u015awit\u201d w Dzielnicy Targ\u00f3wek m. st. Warszawy, ul. Wysockiego 11, 03-371 Warszawa\u201d. Jednocze\u015bnie o\u015bwiadczam, \u017ce zosta\u0142am\/em poinformowana\/y o przys\u0142uguj\u0105cym mi prawie dost\u0119pu do tre\u015bci moich danych oraz ich poprawiania, wycofania zgody na ich przetwarzanie w ka\u017cdym czasie, jak r\u00f3wnie\u017c, \u017ce podanie tych danych by\u0142o dobrowolne oraz, \u017ce w sprawach zwi\u0105zanych z moimi danymi mog\u0119 kontaktowa\u0107 si\u0119 z Inspektorem Ochrony Danych pod adresem iod@dkswit.com.pl \u201d<\/p>\n\n\n\n<p><strong>Informacja dotycz\u0105ca przetwarzania danych osobowych:<\/strong><br>Administratorem Pa\u0144stwa danych osobowych jest Dom Kultury \u201e\u015awit\u201d w Dzielnicy Targ\u00f3wek m. st. Warszawy, ul. Wysockiego 11, 03-371 Warszawa, swit@dkswit.com.pl. Pa\u0144stwa dane zbierane s\u0105 w celu przeprowadzenia procesu rekrutacji na stanowisko Specjalisty ds. wydarze\u0144. Podanie danych jest dobrowolne. Nie podanie danych skutkowa\u0142o b\u0119dzie brakiem mo\u017cliwo\u015bci wzi\u0119cia udzia\u0142u w rekrutacji. Dane b\u0119d\u0105 przetwarzane tylko i wy\u0142\u0105cznie przez okres trwania wymienionego procesu rekrutacji. Po zako\u0144czeniu dzia\u0142a\u0144 zwi\u0105zanych z procesem zostan\u0105 one usuni\u0119te. Dane nie b\u0119d\u0105 udost\u0119pniane odbiorcom danych, a przetwarzane jedynie w celu okre\u015blonym powy\u017cej. Dane nie b\u0119d\u0105 r\u00f3wnie\u017c przetwarzane w spos\u00f3b zautomatyzowany.<br>W ramach przetwarzania danych przez Administratora przys\u0142uguje Pa\u0144stwu prawo:<br>\u2022 anulowania wydanej zgody;<br>\u2022 dost\u0119pu do danych, uzyskania kopii;<br>\u2022 do sprostowania danych;<br>\u2022 do \u201ebycia zapomnianym\u201d \u2013 usuni\u0119cia danych z bazy;<br>\u2022 do ograniczenia przetwarzania danych;<br>\u2022 do przenoszenia danych;<br>\u2022 do z\u0142o\u017cenia skargi do organu nadzorczego.<br>W sprawach zwi\u0105zanych z Pa\u0144stwa danymi oraz ich przetwarzaniem mog\u0105 si\u0119 Pa\u0144stwo kontaktowa\u0107 z Inspektorem Ochrony Danych Osobowych mailowo pod adresem: iod@dkswit.com.pl<\/p>\n","protected":false},"excerpt":{"rendered":"<p>Dom Kultury \u201e\u015awit\u201d w Dzielnicy Targ\u00f3wek m.st Warszawy w zwi\u0105zku z dynamicznym rozwojem do swojego zespo\u0142u poszukuje os\u00f3b na stanowisko Specjalisty ds. wydarze\u0144 Miejsce pracy: Dom Kultury \u201e\u015awit\u201d w Dzielnicy Targ\u00f3wek m.st. Warszawy Do zada\u0144 os\u00f3b zatrudnionych na tym stanowisku nale\u017ce\u0107 b\u0119dzie m. in.:\u2022 koordynacja wydarze\u0144 i projekt\u00f3w kulturalnych,\u2022 wsp\u00f3\u0142praca z instytucjami, organizacjami spo\u0142ecznymi i pozarz\u0105dowymi, animatorami kultury, aktywistami miejskimi, spo\u0142eczno\u015bci\u0105 lokaln\u0105 w dziedzinie kultury, czasu wolnego, integracji spo\u0142ecznej,\u2022 utrzymywanie kontaktu z realizatorami, producentami, technikami, wykonawcami i innymi partnerami zewn\u0119trznymi bior\u0105cymi udzia\u0142 w przedsi\u0119wzi\u0119ciach DK \u015awit,\u2022 sporz\u0105dzanie i przestrzeganie harmonogram\u00f3w&hellip;<\/p>\n","protected":false},"author":3,"featured_media":0,"parent":0,"menu_order":0,"comment_status":"closed","ping_status":"closed","template":"","meta":{"footnotes":""},"class_list":["post-969","page","type-page","status-publish","hentry"],"_links":{"self":[{"href":"https:\/\/bip2.dkswit.com.pl\/index.php\/wp-json\/wp\/v2\/pages\/969","targetHints":{"allow":["GET"]}}],"collection":[{"href":"https:\/\/bip2.dkswit.com.pl\/index.php\/wp-json\/wp\/v2\/pages"}],"about":[{"href":"https:\/\/bip2.dkswit.com.pl\/index.php\/wp-json\/wp\/v2\/types\/page"}],"author":[{"embeddable":true,"href":"https:\/\/bip2.dkswit.com.pl\/index.php\/wp-json\/wp\/v2\/users\/3"}],"replies":[{"embeddable":true,"href":"https:\/\/bip2.dkswit.com.pl\/index.php\/wp-json\/wp\/v2\/comments?post=969"}],"version-history":[{"count":7,"href":"https:\/\/bip2.dkswit.com.pl\/index.php\/wp-json\/wp\/v2\/pages\/969\/revisions"}],"predecessor-version":[{"id":1018,"href":"https:\/\/bip2.dkswit.com.pl\/index.php\/wp-json\/wp\/v2\/pages\/969\/revisions\/1018"}],"wp:attachment":[{"href":"https:\/\/bip2.dkswit.com.pl\/index.php\/wp-json\/wp\/v2\/media?parent=969"}],"curies":[{"name":"wp","href":"https:\/\/api.w.org\/{rel}","templated":true}]}}