{"id":959,"date":"2024-08-04T21:58:11","date_gmt":"2024-08-04T19:58:11","guid":{"rendered":"https:\/\/bip2.dkswit.com.pl\/?page_id=959"},"modified":"2024-09-10T15:37:12","modified_gmt":"2024-09-10T13:37:12","slug":"specjalista-ds-finansowo-ksiegowych","status":"publish","type":"page","link":"https:\/\/bip2.dkswit.com.pl\/index.php\/specjalista-ds-finansowo-ksiegowych\/","title":{"rendered":"Specjalista ds. finansowo-ksi\u0119gowych"},"content":{"rendered":"\n<p>Dom Kultury \u201e\u015awit\u201d w Dzielnicy Targ\u00f3wek m.st Warszawy w zwi\u0105zku z dynamicznym rozwojem do swojego zespo\u0142u poszukuje os\u00f3b na stanowisko<\/p>\n\n\n\n<p>Specjalisty ds. finansowo-ksi\u0119gowych<br>Miejsce pracy: Dom Kultury \u201e\u015awit\u201d w Dzielnicy Targ\u00f3wek m.st. Warszawy<\/p>\n\n\n\n<p>Zadania:<\/p>\n\n\n\n<ul class=\"wp-block-list\">\n<li style=\"font-size:14px\">dekretowanie oraz ksi\u0119gowanie dokument\u00f3w,<\/li>\n\n\n\n<li style=\"font-size:14px\">przygotowywanie przelew\u00f3w bankowych i ksi\u0119gowanie wyci\u0105g\u00f3w bankowych,<\/li>\n\n\n\n<li style=\"font-size:14px\">bie\u017c\u0105ce rozliczenia z instytucjami finansowymi (w tym bankami),<\/li>\n\n\n\n<li style=\"font-size:14px\">uzgadnianie sald z kontrahentami,<\/li>\n\n\n\n<li style=\"font-size:14px\">rozliczanie podatku VAT,<\/li>\n\n\n\n<li style=\"font-size:14px\">aktywny udzia\u0142 w sporz\u0105dzaniu sprawozda\u0144 finansowych wed\u0142ug okre\u015blonych standard\u00f3w (np. polska ustawa o rachunkowo\u015bci, GUS itp.),<\/li>\n\n\n\n<li style=\"font-size:14px\">prowadzenie ewidencji ksi\u0119gowych i uzgadnianie ich z kontami ksi\u0119gi g\u0142\u00f3wnej,<\/li>\n\n\n\n<li style=\"font-size:14px\">przygotowywanie deklaracji podatkowych oraz sprawozda\u0144 i raport\u00f3w na potrzeby wewn\u0119trzne oraz dla instytucji zewn\u0119trznych,<\/li>\n\n\n\n<li style=\"font-size:14px\">wsp\u00f3\u0142praca z instytucjami zewn\u0119trznymi (US, ZUS, GUS, NBP).<\/li>\n<\/ul>\n\n\n\n<p>Wymagania:<br>\u2022 wykszta\u0142cenie wy\u017csze ekonomiczne,<br>\u2022 min. 2 lata do\u015bwiadczenia na podobnym stanowisku<br>\u2022 znajomo\u015b\u0107 zasad rachunkowo\u015bci oraz przepis\u00f3w prawa podatkowego,,<br>\u2022 znajomo\u015b\u0107 zasad i rozliczania \u015brodk\u00f3w trwa\u0142ych,<br>\u2022 umiej\u0119tno\u015bci analityczne,<br>\u2022 bieg\u0142a obs\u0142uga komputera w tym pakietu Ms Office<br>\u2022 punktualno\u015b\u0107, dyspozycyjno\u015b\u0107, sumienno\u015b\u0107, samodzielno\u015b\u0107 i umiej\u0119tno\u015b\u0107 pracy w zespole, komunikatywno\u015b\u0107, kreatywno\u015b\u0107, wysoka kultura osobista, odporno\u015b\u0107 na stres, dobra organizacja pracy,<br>\u2022 obywatelstwo polskie lub obywatelstwo Unii Europejskiej, b\u0105d\u017a obywatelstwo innych pa\u0144stw, je\u015bli ich obywatelom na podstawie um\u00f3w mi\u0119dzynarodowych lub przepis\u00f3w prawa wsp\u00f3lnotowego przys\u0142uguje prawo do podj\u0119cia zatrudnienia na terytorium Rzeczypospolitej Polskiej,<br>\u2022 za\u015bwiadczenia z Krajowego Rejestru Karnego o niekaralno\u015bci \u201ew zakresie przest\u0119pstw okre\u015blonych w rozdziale XIX i XXV Kodeksu karnego (w tym przest\u0119pstwa przeciwko wolno\u015bci seksualnej i obyczajno\u015bci), w art. 189a i art. 207 Kodeksu karnego oraz w ustawie z dnia 29 lipca 2005 r. o przeciwdzia\u0142aniu narkomanii (Dz. U. z 2023 r. poz. 172 oraz z 2022 r. poz. 2600), lub za odpowiadaj\u0105ce tym przest\u0119pstwom czyny zabronione okre\u015blone w przepisach prawa obcego.&#8221; z kartoteki karnej i nieletnich.<\/p>\n\n\n\n<p>Oferujemy:<br>\u2022 umow\u0119 o prac\u0119 \/pe\u0142en etat,<br>\u2022 praca stacjonarna w siedzibie firmy przy ul. Wysockiego 11 od poniedzia\u0142ku do pi\u0105tku w godz. 8.00-16.00,<br>\u2022 budynek 1-pi\u0119trowy bez windy, stanowisko pracy zlokalizowane w pomieszczeniach biurowych na parterze, wej\u015bcie do budynku z podjazdem dla w\u00f3zk\u00f3w,<br>\u2022 fundusz \u015bwiadcze\u0144 socjalnych,<br>\u2022 wynagrodzenie brutto od 6 660,00 z\u0142 do 7 200,00 (wynagrodzenie zasadnicze+premia) tj. \u201ena r\u0119k\u0119\u201d od 4 800,00 z\u0142 do 5 200,00 z\u0142 + dodatek sta\u017cowy (od 5% do 20% wynagrodzenia zasadniczego), nagrody,<br>\u2022 przyjemn\u0105 lokalizacj\u0119 w naszej siedzibie w Warszawie przy. ul. Wysockiego 11 otoczonej parkiem, z t\u0119\u017cni\u0105, kawiarni\u0105, ogrodem spo\u0142ecznym, z parkingiem i bezpo\u015brednio s\u0105siaduj\u0105cym przystankiem komunikacji publicznej,<br>\u2022 w miesi\u0105cu poprzedzaj\u0105cym dat\u0119 upublicznienia og\u0142oszenia wska\u017anik zatrudnienia os\u00f3b niepe\u0142nosprawnych w jednostce w rozumieniu przepis\u00f3w o rehabilitacji zawodowej i spo\u0142ecznej oraz zatrudnianiu os\u00f3b niepe\u0142nosprawnych, jest ni\u017cszy ni\u017c 6%.<\/p>\n\n\n\n<p>Termin przyjmowania ofert:<br>Zainteresowane osoby prosimy o przes\u0142anie CV na adres: rekrutacja@dkswit.com.pl z nazw\u0105 stanowiska w temacie wiadomo\u015bci lub dostarczenie osobiste w zaklejonej i opisanej kopercie do kasy DK \u201e\u015awit\u201d do dnia 19.09.2024r. Informujemy, \u017ce skontaktujemy si\u0119 tylko w wybranymi Kandydatami. Pozosta\u0142ym osobom dzi\u0119kujemy za zainteresowanie nasz\u0105 ofert\u0105. Nades\u0142anych dokument\u00f3w nie zwracamy.<br>Przetwarzanie danych osobowych w procesie rekrutacji:<br>Do cel\u00f3w rekrutacyjnych prosimy zawrze\u0107 w aplikacji niniejsz\u0105 klauzul\u0119:<br>\u201eZgoda na przetwarzanie danych osobowych<br>Wyra\u017cam zgod\u0119 na przetwarzanie moich danych osobowych w procesie rekrutacji na stanowiskospecjalisty ds. finansowo-ksi\u0119gowych prowadzonym przez Dom Kultury \u201e\u015awit\u201d w Dzielnicy Targ\u00f3wek m. st. Warszawy, ul. Wysockiego 11, 03-371 Warszawa\u201d. Jednocze\u015bnie o\u015bwiadczam, \u017ce zosta\u0142am\/em poinformowana\/y o przys\u0142uguj\u0105cym mi prawie dost\u0119pu do tre\u015bci moich danych oraz ich poprawiania, wycofania zgody na ich przetwarzanie w ka\u017cdym czasie, jak r\u00f3wnie\u017c, \u017ce podanie tych danych by\u0142o dobrowolne oraz, \u017ce w sprawach zwi\u0105zanych z moimi danymi mog\u0119 kontaktowa\u0107 si\u0119 z Inspektorem Ochrony Danych pod adresem iod@dkswit.com.pl \u201d<\/p>\n\n\n\n<p>Informacja dotycz\u0105ca przetwarzania danych osobowych:<br>Administratorem Pa\u0144stwa danych osobowych jest Dom Kultury \u201e\u015awit\u201d w Dzielnicy Targ\u00f3wek m. st. Warszawy, ul. Wysockiego 11, 03-371 Warszawa, swit@dkswit.com.pl. Pa\u0144stwa dane zbierane s\u0105 w celu przeprowadzenia procesu rekrutacji na stanowisko specjalisty ds. finansowo-ksi\u0119gowych. Podanie danych jest dobrowolne. Nie podanie danych skutkowa\u0142o b\u0119dzie brakiem mo\u017cliwo\u015bci wzi\u0119cia udzia\u0142u w rekrutacji. Dane b\u0119d\u0105 przetwarzane tylko i wy\u0142\u0105cznie przez okres trwania wymienionego procesu rekrutacji. Po zako\u0144czeniu dzia\u0142a\u0144 zwi\u0105zanych z procesem zostan\u0105 one usuni\u0119te. Dane nie b\u0119d\u0105 udost\u0119pniane odbiorcom danych, a przetwarzane jedynie w celu okre\u015blonym powy\u017cej. Dane nie b\u0119d\u0105 r\u00f3wnie\u017c przetwarzane w spos\u00f3b zautomatyzowany.<br>W ramach przetwarzania danych przez Administratora przys\u0142uguje Pa\u0144stwu prawo:<br>\u2022 anulowania wydanej zgody;<br>\u2022 dost\u0119pu do danych, uzyskania kopii;<br>\u2022 do sprostowania danych;<br>\u2022 do \u201ebycia zapomnianym\u201d \u2013 usuni\u0119cia danych z bazy;<br>\u2022 do ograniczenia przetwarzania danych;<br>\u2022 do przenoszenia danych;<br>\u2022 do z\u0142o\u017cenia skargi do organu nadzorczego.<br>W sprawach zwi\u0105zanych z Pa\u0144stwa danymi oraz ich przetwarzaniem mog\u0105 si\u0119 Pa\u0144stwo kontaktowa\u0107 z Inspektorem Ochrony Danych Osobowych mailowo pod adresem: iod@dkswit.com.pl<\/p>\n\n\n\n<p>Dopuszcza si\u0119 aplikowanie na stanowisko ds. kadr w wyznaczonym powy\u017cej terminie poprzez portale internetowe zwi\u0105zane z publikacj\u0105 og\u0142osze\u0144 o prac\u0119, na kt\u00f3rych to Dom Kultury &#8222;\u015awit&#8221; w Dzielnicy Targ\u00f3wek m.st. Warszawy zamie\u015bci przedmiotowe og\u0142oszenie.<\/p>\n\n\n\n<p><\/p>\n","protected":false},"excerpt":{"rendered":"<p>Dom Kultury \u201e\u015awit\u201d w Dzielnicy Targ\u00f3wek m.st Warszawy w zwi\u0105zku z dynamicznym rozwojem do swojego zespo\u0142u poszukuje os\u00f3b na stanowisko Specjalisty ds. finansowo-ksi\u0119gowychMiejsce pracy: Dom Kultury \u201e\u015awit\u201d w Dzielnicy Targ\u00f3wek m.st. Warszawy Zadania: Wymagania:\u2022 wykszta\u0142cenie wy\u017csze ekonomiczne,\u2022 min. 2 lata do\u015bwiadczenia na podobnym stanowisku\u2022 znajomo\u015b\u0107 zasad rachunkowo\u015bci oraz przepis\u00f3w prawa podatkowego,,\u2022 znajomo\u015b\u0107 zasad i rozliczania \u015brodk\u00f3w trwa\u0142ych,\u2022 umiej\u0119tno\u015bci analityczne,\u2022 bieg\u0142a obs\u0142uga komputera w tym pakietu Ms Office\u2022 punktualno\u015b\u0107, dyspozycyjno\u015b\u0107, sumienno\u015b\u0107, samodzielno\u015b\u0107 i umiej\u0119tno\u015b\u0107 pracy w zespole, komunikatywno\u015b\u0107, kreatywno\u015b\u0107, wysoka kultura osobista, odporno\u015b\u0107 na stres, dobra organizacja pracy,\u2022 obywatelstwo polskie lub&hellip;<\/p>\n","protected":false},"author":3,"featured_media":0,"parent":0,"menu_order":0,"comment_status":"closed","ping_status":"closed","template":"","meta":{"footnotes":""},"class_list":["post-959","page","type-page","status-publish","hentry"],"_links":{"self":[{"href":"https:\/\/bip2.dkswit.com.pl\/index.php\/wp-json\/wp\/v2\/pages\/959","targetHints":{"allow":["GET"]}}],"collection":[{"href":"https:\/\/bip2.dkswit.com.pl\/index.php\/wp-json\/wp\/v2\/pages"}],"about":[{"href":"https:\/\/bip2.dkswit.com.pl\/index.php\/wp-json\/wp\/v2\/types\/page"}],"author":[{"embeddable":true,"href":"https:\/\/bip2.dkswit.com.pl\/index.php\/wp-json\/wp\/v2\/users\/3"}],"replies":[{"embeddable":true,"href":"https:\/\/bip2.dkswit.com.pl\/index.php\/wp-json\/wp\/v2\/comments?post=959"}],"version-history":[{"count":6,"href":"https:\/\/bip2.dkswit.com.pl\/index.php\/wp-json\/wp\/v2\/pages\/959\/revisions"}],"predecessor-version":[{"id":1016,"href":"https:\/\/bip2.dkswit.com.pl\/index.php\/wp-json\/wp\/v2\/pages\/959\/revisions\/1016"}],"wp:attachment":[{"href":"https:\/\/bip2.dkswit.com.pl\/index.php\/wp-json\/wp\/v2\/media?parent=959"}],"curies":[{"name":"wp","href":"https:\/\/api.w.org\/{rel}","templated":true}]}}