{"id":87,"date":"2021-02-19T15:51:34","date_gmt":"2021-02-19T14:51:34","guid":{"rendered":"http:\/\/bip2.dkswit.com.pl\/?page_id=87"},"modified":"2023-12-29T16:09:49","modified_gmt":"2023-12-29T15:09:49","slug":"zespol-2","status":"publish","type":"page","link":"https:\/\/bip2.dkswit.com.pl\/index.php\/zespol-2\/","title":{"rendered":"ZESP\u00d3\u0141"},"content":{"rendered":"\n<p><strong>DYREKTOR DOMU KULTURY &#8222;\u015aWIT&#8221; LIDIA KRAWCZYK<\/strong><\/p>\n\n\n\n<figure class=\"wp-block-image size-large is-resized\"><img loading=\"lazy\" decoding=\"async\" width=\"300\" height=\"283\" src=\"http:\/\/bip2.dkswit.com.pl\/wp-content\/uploads\/2021\/02\/89230255_489465235068729_1742912134037110784_n-300x2831-1.jpg\" alt=\"\" class=\"wp-image-99\" style=\"width:322px;height:304px\"\/><\/figure>\n\n\n\n<p>lkrawczyk@dkswit.com.pl, dyrektor@dkswit.com.pl<\/p>\n\n\n\n<p>Dyrektor zaprasza na rozmow\u0119 po wcze\u015bniejszym um\u00f3wieniu terminu w DK \u201e\u015aWIT\u201d.<br>Celem uzgodnienia terminu spotkania prosimy o kontakt telefoniczny, e-mail lub osobisty w godzinach 8.00-16.00.<\/p>\n\n\n\n<p><strong>Z-CA DYREKTORA DOMU KULTURY &#8222;\u015aWIT&#8221;                   KATARZYNA KORDOWIAK-ZDUNEK<\/strong><\/p>\n\n\n\n<p><a href=\"mailto:kkordowiak@dkswit.com.pl\">kkordowiak@dkswit.com.pl<\/a><\/p>\n","protected":false},"excerpt":{"rendered":"<p>DYREKTOR DOMU KULTURY &#8222;\u015aWIT&#8221; LIDIA KRAWCZYK lkrawczyk@dkswit.com.pl, dyrektor@dkswit.com.pl Dyrektor zaprasza na rozmow\u0119 po wcze\u015bniejszym um\u00f3wieniu terminu w DK \u201e\u015aWIT\u201d.Celem uzgodnienia terminu spotkania prosimy o kontakt telefoniczny, e-mail lub osobisty w godzinach 8.00-16.00. Z-CA DYREKTORA DOMU KULTURY &#8222;\u015aWIT&#8221; KATARZYNA KORDOWIAK-ZDUNEK kkordowiak@dkswit.com.pl<\/p>\n","protected":false},"author":2,"featured_media":0,"parent":0,"menu_order":0,"comment_status":"closed","ping_status":"closed","template":"","meta":{"footnotes":""},"class_list":["post-87","page","type-page","status-publish","hentry"],"_links":{"self":[{"href":"https:\/\/bip2.dkswit.com.pl\/index.php\/wp-json\/wp\/v2\/pages\/87","targetHints":{"allow":["GET"]}}],"collection":[{"href":"https:\/\/bip2.dkswit.com.pl\/index.php\/wp-json\/wp\/v2\/pages"}],"about":[{"href":"https:\/\/bip2.dkswit.com.pl\/index.php\/wp-json\/wp\/v2\/types\/page"}],"author":[{"embeddable":true,"href":"https:\/\/bip2.dkswit.com.pl\/index.php\/wp-json\/wp\/v2\/users\/2"}],"replies":[{"embeddable":true,"href":"https:\/\/bip2.dkswit.com.pl\/index.php\/wp-json\/wp\/v2\/comments?post=87"}],"version-history":[{"count":7,"href":"https:\/\/bip2.dkswit.com.pl\/index.php\/wp-json\/wp\/v2\/pages\/87\/revisions"}],"predecessor-version":[{"id":787,"href":"https:\/\/bip2.dkswit.com.pl\/index.php\/wp-json\/wp\/v2\/pages\/87\/revisions\/787"}],"wp:attachment":[{"href":"https:\/\/bip2.dkswit.com.pl\/index.php\/wp-json\/wp\/v2\/media?parent=87"}],"curies":[{"name":"wp","href":"https:\/\/api.w.org\/{rel}","templated":true}]}}