{"id":1362,"date":"2026-04-30T16:00:20","date_gmt":"2026-04-30T14:00:20","guid":{"rendered":"https:\/\/bip2.dkswit.com.pl\/?page_id=1362"},"modified":"2026-04-30T16:00:20","modified_gmt":"2026-04-30T14:00:20","slug":"osoba-do-dzialu-promocji","status":"publish","type":"page","link":"https:\/\/bip2.dkswit.com.pl\/index.php\/osoba-do-dzialu-promocji\/","title":{"rendered":"Osoba do Dzia\u0142u Promocji"},"content":{"rendered":"\n<p>Dom Kultury \u201e\u015awit\u201d w Dzielnicy Targ\u00f3wek m.st Warszawy w zwi\u0105zku z dynamicznym rozwojem poszukuje do swojego zespo\u0142u osoby do Dzia\u0142u Promocji<\/p>\n\n\n\n<p><br>Miejsce pracy: m.st. Warszawa, Dom Kultury \u201e\u015awit\u201d w Dzielnicy Targ\u00f3wek m.st. Warszawy, ul. Wysockiego 11, 03-371 Warszawa<\/p>\n\n\n\n<p>Termin sk\u0142adania ofert: 15.05.2026r.<\/p>\n\n\n\n<p>Zakres zada\u0144 wykonywanych na stanowisku:<br>\u2022 tworzenie i wdra\u017canie strategii komunikacji i promocji DK \u015awit (online i offline)<br>\u2022 tworzenie anga\u017cuj\u0105cych tre\u015bci, projektowanie grafik oraz realizacja i monta\u017c kr\u00f3tkich materia\u0142\u00f3w wideo (Reels, Shorts, relacje) przy u\u017cyciu takich program\u00f3w jak: Capcut lub pokrewne.<br>\u2022 koordynacja dzia\u0142a\u0144 promocyjnych wydarze\u0144 kulturalnych \u2014 od planowania po ewaluacj\u0119<br>\u2022 aktualizacja tre\u015bci na stronie internetowej i w serwisach agreguj\u0105cych ofert\u0119 kulturaln\u0105<br>\u2022 dbanie o sp\u00f3jno\u015b\u0107 identyfikacji wizualnej instytucji we wszystkich kana\u0142ach komunikacji<br>\u2022 samodzielne projektowanie materia\u0142\u00f3w graficznych: plakat\u00f3w, baner\u00f3w, broszur, stories, post\u00f3w oraz materia\u0142\u00f3w drukowanych na potrzeby wydarze\u0144 i promocji Instytucji.<br>\u2022 dokumentowanie fotograficzne i filmowe wydarze\u0144 kulturalnych organizowanych przez DK \u015awit oraz obr\u00f3bka pozyskanego materia\u0142u<br>\u2022 wsp\u00f3\u0142praca z mediami lokalnymi, portalami kulturalnymi i partnerami zewn\u0119trznymi<\/p>\n\n\n\n<p>Szukamy osoby, kt\u00f3ra:<br>\u2022 uko\u0144czy\u0142a studia wy\u017csze \u2014 preferujemy kierunki takie jak marketing, komunikacja, kulturoznawstwo, dziennikarstwo lub pokrewne<br>\u2022 ma min. 2 lata do\u015bwiadczenia na podobnym stanowisku \u2014 mile widziane w sektorze kultury, NGO lub instytucjach publicznych<br>\u2022 swobodnie pos\u0142uguje si\u0119 narz\u0119dziami graficznymi (Adobe Photoshop, Canva, CorelDraw), potrafi zmontowa\u0107 kr\u00f3tkie wideo, a obs\u0142uga aparatu fotograficznego nie jest jej obca.<br>\u2022 tworzy anga\u017cuj\u0105ce tre\u015bci w mediach spo\u0142eczno\u015bciowych i rozumie logik\u0119 ich algorytm\u00f3w<br>\u2022 jest samodzielna, komunikatywna i potrafi jednocze\u015bnie prowadzi\u0107 kilka projekt\u00f3w<br>\u2022 ma autentyczne zainteresowanie kultur\u0105 i sztuk\u0105 \u2014 rozumie \u015brodowisko, w kt\u00f3rym pracuje<br>\u2022 posiada obywatelstwo polskie lub obywatelstwo Unii Europejskiej, b\u0105d\u017a obywatelstwo innych pa\u0144stw, je\u015bli ich obywatelom na podstawie um\u00f3w mi\u0119dzynarodowych lub przepis\u00f3w prawa wsp\u00f3lnotowego przys\u0142uguje prawo do podj\u0119cia zatrudnienia na terytorium Rzeczypospolitej Polskiej.<\/p>\n\n\n\n<p>Oferujemy:<br>\u2022 zatrudnienie na umow\u0119 o prac\u0119 w wymiarze pe\u0142nego etatu w renomowanej instytucji kultury<br>\u2022 wynagrodzenie brutto od 7 000,00 z\u0142 do 7 700,00 z\u0142, obejmuj\u0105ce wszystkie sk\u0142adniki p\u0142acowe: wynagrodzenie zasadnicze + dodatek sta\u017cowy liczony od 5% do 20% od wynagrodzenia zasadniczego;<br>\u2022 nagrody jubileuszowe;<br>\u2022 fundusz \u015bwiadcze\u0144 socjalnych: wczasy pod grusz\u0105 i wsparcie finansowe w zwi\u0105zku ze zwi\u0119kszonymi wydatkami w okresie zimowym;<br>\u2022 nagrody 2 razy w roku (po przepracowaniu 3 miesi\u0119cy): w czerwcu i w grudniu;<br>\u2022 dofinansowanie do zakupu okular\u00f3w korekcyjnych;<br>\u2022 mo\u017cliwo\u015b\u0107 ubezpieczenia na \u017cycie i pakietu medycznego;<br>\u2022 lokalizacj\u0119 w jednej z najbardziej dynamicznych kulturowo dzielnic Warszawy, w otoczeniu zieleni z dobrym po\u0142\u0105czeniem komunikacyjnym.<\/p>\n\n\n\n<p>Wymagane dokumenty i o\u015bwiadczenia w procesie rekrutacji:<\/p>\n\n\n\n<ul class=\"wp-block-list\">\n<li>curriculum vitae (CV), w j\u0119zyku polskim, z przebiegiem nauki i pracy zawodowej,<\/li>\n\n\n\n<li>list motywacyjny,<\/li>\n\n\n\n<li>o\u015bwiadczeniem o przetwarzaniu danych osobowych.<br>Wymagane dokumenty do zatrudnienia:<\/li>\n\n\n\n<li>kopia dokumentu potwierdzaj\u0105cego wymagane wykszta\u0142cenie,<\/li>\n\n\n\n<li>kopie dokument\u00f3w potwierdzaj\u0105cych wymagany sta\u017c pracy,<\/li>\n\n\n\n<li>za\u015bwiadczenia z Krajowego Rejestru Karnego o niekaralno\u015bci \u201ew zakresie przest\u0119pstw okre\u015blonych w rozdziale XIX i XXV Kodeksu karnego (w tym przest\u0119pstwa przeciwko wolno\u015bci seksualnej i obyczajno\u015bci), w art. 189a i art. 207 Kodeksu karnego oraz w ustawie z dnia 29 lipca 2005 r. o przeciwdzia\u0142aniu narkomanii (Dz. U. z 2023 r. poz. 172 oraz z 2022 r. poz. 2600), lub za odpowiadaj\u0105ce tym przest\u0119pstwom czyny zabronione okre\u015blone w przepisach prawa obcego.\u201d z kartoteki karnej i nieletnich.<\/li>\n<\/ul>\n\n\n\n<p>Termin i spos\u00f3b sk\u0142adania ofert:<br>Zainteresowane osoby prosimy o przes\u0142anie CV wraz z wymaganymi dokumentami na adres: rekrutacja@dkswit.com.pl z nazw\u0105 stanowiska w temacie wiadomo\u015bci lub dostarczenie osobiste w zaklejonej i opisanej kopercie do kasy DK \u201e\u015awit\u201d do dnia 15.05.2026r. z dopiskiem \u201eOsoba do Dzia\u0142u Promocji\u201d. Informujemy, \u017ce skontaktujemy si\u0119 wy\u0142\u0105cznie z wybranymi Kandydatami. Rozmowy rekrutacyjne mog\u0105 by\u0107 prowadzone w trakcie trwania procesu rekrutacyjnego. Wszystkim osobom dzi\u0119kujemy za zainteresowanie nasz\u0105 ofert\u0105.<br>Przetwarzanie danych osobowych w procesie rekrutacji:<br>Do cel\u00f3w rekrutacyjnych prosimy zawrze\u0107 w aplikacji niniejsz\u0105 klauzul\u0119:<br>\u201eZgoda na przetwarzanie danych osobowych<br>Wyra\u017cam zgod\u0119 na przetwarzanie moich danych osobowych w procesie rekrutacji do Dzia\u0142u Promocji, prowadzonej przez Dom Kultury \u201e\u015awit\u201d w Dzielnicy Targ\u00f3wek m. st. Warszawy, ul. Wysockiego 11, 03-371 Warszawa\u201d. Jednocze\u015bnie o\u015bwiadczam, \u017ce zosta\u0142am\/em poinformowana\/y o przys\u0142uguj\u0105cym mi prawie dost\u0119pu do tre\u015bci moich danych oraz ich poprawiania, wycofania zgody na ich przetwarzanie w ka\u017cdym czasie, jak r\u00f3wnie\u017c, \u017ce podanie tych danych by\u0142o dobrowolne oraz, \u017ce w sprawach zwi\u0105zanych z moimi danymi mog\u0119 kontaktowa\u0107 si\u0119 z Inspektorem Ochrony Danych pod adresem iod@dkswit.com.pl \u201d<\/p>\n\n\n\n<p>Informacja dotycz\u0105ca przetwarzania danych osobowych:<br>Administratorem Pa\u0144stwa danych osobowych jest Dom Kultury \u201e\u015awit\u201d w Dzielnicy Targ\u00f3wek m. st. Warszawy, ul. Wysockiego 11, 03-371 Warszawa, swit@dkswit.com.pl. Pa\u0144stwa dane zbierane s\u0105 w celu przeprowadzenia procesu rekrutacji Osoby do Dzia\u0142u Promocji. Podanie danych jest dobrowolne. Nie podanie danych skutkowa\u0142o b\u0119dzie brakiem mo\u017cliwo\u015bci wzi\u0119cia udzia\u0142u w rekrutacji. Dane b\u0119d\u0105 przetwarzane tylko i wy\u0142\u0105cznie przez okres trwania wymienionego procesu rekrutacji. Po zako\u0144czeniu dzia\u0142a\u0144 zwi\u0105zanych z procesem zostan\u0105 one usuni\u0119te. Dane nie b\u0119d\u0105 udost\u0119pniane odbiorcom danych, a przetwarzane jedynie w celu okre\u015blonym powy\u017cej. Dane nie b\u0119d\u0105 r\u00f3wnie\u017c przetwarzane w spos\u00f3b zautomatyzowany.<br>W ramach przetwarzania danych przez Administratora przys\u0142uguje Pa\u0144stwu prawo:<br>anulowania wydanej zgody;<br>dost\u0119pu do danych, uzyskania kopii;<br>do sprostowania danych;<br>do \u201ebycia zapomnianym\u201d \u2013 usuni\u0119cia danych z bazy;<br>do ograniczenia przetwarzania danych;<br>do przenoszenia danych;<br>do z\u0142o\u017cenia skargi do organu nadzorczego.<br>W sprawach zwi\u0105zanych z Pa\u0144stwa danymi oraz ich przetwarzaniem mog\u0105 si\u0119 Pa\u0144stwo kontaktowa\u0107 z Inspektorem Ochrony Danych Osobowych mailowo pod adresem: iod@dkswit.com.pl<\/p>\n\n\n\n<p>Dopuszcza si\u0119 aplikowanie Osoby do Dzia\u0142u Promocji w wyznaczonym powy\u017cej terminie poprzez portale internetowe zwi\u0105zane z publikacj\u0105 og\u0142osze\u0144 o prac\u0119, na kt\u00f3rych Dom Kultury &#8222;\u015awit&#8221; w Dzielnicy Targ\u00f3wek m.st. Warszawy zamie\u015bci przedmiotowe og\u0142oszenie.<\/p>\n\n\n\n<p>Dost\u0119pno\u015b\u0107<br>Do sk\u0142adania ofert zach\u0119camy r\u00f3wnie\u017c osoby ze szczeg\u00f3lnymi potrzebami.<br>Na ka\u017cdym etapie naboru, po uprzednim zg\u0142oszeniu potrzeby zapewniamy pomoc i wsparcie dla os\u00f3b ze szczeg\u00f3lnymi potrzebami, np. zapewnia pomoc t\u0142umacza j\u0119zyka migowego.<br>Szczeg\u00f3lne potrzeby mo\u017cna zg\u0142asza\u0107 na etapie rekrutacji na adres mailowy rekrutacja@dkswit.com.pl.<br>DK \u201e\u015awit\u201d jest pracodawc\u0105 r\u00f3wnych szans i wszystkie aplikacje s\u0105 rozwa\u017cane z r\u00f3wn\u0105 uwag\u0105 bez wzgl\u0119du na p\u0142e\u0107, wiek, niepe\u0142nosprawno\u015b\u0107, ras\u0119, narodowo\u015b\u0107, przekonania polityczne, przynale\u017cno\u015b\u0107 zwi\u0105zkow\u0105, pochodzenie etniczne, wyznanie, orientacje seksualn\u0105 czy te\u017c jak\u0105kolwiek inn\u0105 cech\u0119 prawnie chronion\u0105.<br>Istnieje mo\u017cliwo\u015b\u0107 dostosowania stanowiska pracy i jego wyposa\u017cenia do indywidualnych potrzeb os\u00f3b ze szczeg\u00f3lnymi potrzebami.<br>Opis dost\u0119pno\u015bci DK \u015awit dost\u0119pny jest w Deklaracji dost\u0119pno\u015bci na stronie: Deklaracja dost\u0119pno\u015bci \u2013 Dom Kultury \u015awit<br>W miesi\u0105cu poprzedzaj\u0105cym dat\u0119 upublicznienia og\u0142oszenia wska\u017anik zatrudnienia os\u00f3b niepe\u0142nosprawnych w jednostce w rozumieniu przepis\u00f3w o rehabilitacji zawodowej i spo\u0142ecznej oraz zatrudnianiu os\u00f3b niepe\u0142nosprawnych wynosi\u0142 mniej ni\u017c 6%.<\/p>\n\n\n\n<p>Dodatkowe informacje do procesu rekrutacji:<br>W Domu Kultury \u201e\u015awit\u201d obowi\u0105zuje Procedura zg\u0142osze\u0144 wewn\u0119trznych, wprowadzona na podstawie przepis\u00f3w ustawy z dnia 14 czerwca 2024 r. o ochronie sygnalist\u00f3w.<br>W zwi\u0105zku z ww. Procedur\u0105 przys\u0142uguje uprawnienie zg\u0142oszenia naruszenia prawa polegaj\u0105cego na dzia\u0142aniu lub zaniechaniu niezgodnym z prawem lub maj\u0105cym na celu obej\u015bcie prawa, we wszystkich dziedzinach wskazanych w art. 3 ust. 1 ustawy o ochronie sygnalist\u00f3w.<br>Zg\u0142osze\u0144 mo\u017cna dokonywa\u0107 w nast\u0119puj\u0105cy spos\u00f3b \u2013 osobi\u015bcie do Koordynatora ds. zg\u0142osze\u0144.<\/p>\n","protected":false},"excerpt":{"rendered":"<p>Dom Kultury \u201e\u015awit\u201d w Dzielnicy Targ\u00f3wek m.st Warszawy w zwi\u0105zku z dynamicznym rozwojem poszukuje do swojego zespo\u0142u osoby do Dzia\u0142u Promocji Miejsce pracy: m.st. Warszawa, Dom Kultury \u201e\u015awit\u201d w Dzielnicy Targ\u00f3wek m.st. Warszawy, ul. Wysockiego 11, 03-371 Warszawa Termin sk\u0142adania ofert: 15.05.2026r. Zakres zada\u0144 wykonywanych na stanowisku:\u2022 tworzenie i wdra\u017canie strategii komunikacji i promocji DK \u015awit (online i offline)\u2022 tworzenie anga\u017cuj\u0105cych tre\u015bci, projektowanie grafik oraz realizacja i monta\u017c kr\u00f3tkich materia\u0142\u00f3w wideo (Reels, Shorts, relacje) przy u\u017cyciu takich program\u00f3w jak: Capcut lub pokrewne.\u2022 koordynacja dzia\u0142a\u0144 promocyjnych wydarze\u0144 kulturalnych \u2014 od planowania&hellip;<\/p>\n","protected":false},"author":3,"featured_media":0,"parent":0,"menu_order":0,"comment_status":"closed","ping_status":"closed","template":"","meta":{"footnotes":""},"class_list":["post-1362","page","type-page","status-publish","hentry"],"_links":{"self":[{"href":"https:\/\/bip2.dkswit.com.pl\/index.php\/wp-json\/wp\/v2\/pages\/1362","targetHints":{"allow":["GET"]}}],"collection":[{"href":"https:\/\/bip2.dkswit.com.pl\/index.php\/wp-json\/wp\/v2\/pages"}],"about":[{"href":"https:\/\/bip2.dkswit.com.pl\/index.php\/wp-json\/wp\/v2\/types\/page"}],"author":[{"embeddable":true,"href":"https:\/\/bip2.dkswit.com.pl\/index.php\/wp-json\/wp\/v2\/users\/3"}],"replies":[{"embeddable":true,"href":"https:\/\/bip2.dkswit.com.pl\/index.php\/wp-json\/wp\/v2\/comments?post=1362"}],"version-history":[{"count":1,"href":"https:\/\/bip2.dkswit.com.pl\/index.php\/wp-json\/wp\/v2\/pages\/1362\/revisions"}],"predecessor-version":[{"id":1363,"href":"https:\/\/bip2.dkswit.com.pl\/index.php\/wp-json\/wp\/v2\/pages\/1362\/revisions\/1363"}],"wp:attachment":[{"href":"https:\/\/bip2.dkswit.com.pl\/index.php\/wp-json\/wp\/v2\/media?parent=1362"}],"curies":[{"name":"wp","href":"https:\/\/api.w.org\/{rel}","templated":true}]}}