{"id":1308,"date":"2025-12-22T10:36:04","date_gmt":"2025-12-22T09:36:04","guid":{"rendered":"https:\/\/bip2.dkswit.com.pl\/?page_id=1308"},"modified":"2025-12-22T10:36:05","modified_gmt":"2025-12-22T09:36:05","slug":"specjalista-specjalistka-ds-wydarzen-2","status":"publish","type":"page","link":"https:\/\/bip2.dkswit.com.pl\/index.php\/specjalista-specjalistka-ds-wydarzen-2\/","title":{"rendered":"Specjalista\/Specjalistka ds. wydarze\u0144"},"content":{"rendered":"\n<p>Dom Kultury \u201e\u015awit\u201d w Dzielnicy Targ\u00f3wek m.st Warszawy w zwi\u0105zku z dynamicznym rozwojem do swojego zespo\u0142u poszukuje os\u00f3b na stanowisko Specjalista\/Specjalistka ds. wydarze\u0144<br>Miejsce pracy: m.st. Warszawa, siedziba przy ul. Wysockiego 11<\/p>\n\n\n\n<p>Zadania:<br>\u2022 koordynacja wydarze\u0144 i projekt\u00f3w kulturalnych,<br>\u2022 wsp\u00f3\u0142praca z instytucjami, organizacjami spo\u0142ecznymi i pozarz\u0105dowymi, animatorami kultury, aktywistami miejskimi, spo\u0142eczno\u015bci\u0105 lokaln\u0105 w dziedzinie kultury, czasu wolnego, integracji spo\u0142ecznej,<br>\u2022 utrzymywanie kontaktu z realizatorami, producentami, technikami, wykonawcami i innymi partnerami zewn\u0119trznymi bior\u0105cymi udzia\u0142 w przedsi\u0119wzi\u0119ciach DK \u015awit,<br>\u2022 sporz\u0105dzanie i przestrzeganie harmonogram\u00f3w realizacji projekt\u00f3w;<br>\u2022 planowanie, organizowanie i realizowanie zada\u0144 w zakresie imprez wg programu dzia\u0142alno\u015bci merytorycznej DK \u015aWIT zgodnie ze statutem, tj. kultury, rekreacji i kultury fizycznej,<br>\u2022 produkcja wydarze\u0144 artystycznych i \u015brodowiskowych (m.in. przegl\u0105dy, spektakle teatralne, wystawy, koncerty i seanse oraz imprezy dla dzieci),<br>\u2022 przygotowywanie um\u00f3w, plan\u00f3w organizacyjnych, prowadzenie sprawozdawczo\u015bci.<\/p>\n\n\n\n<p>Wymagania:<br>\u2022 wykszta\u0142cenie wy\u017csze,<br>\u2022 do\u015bwiadczenie w realizacji projekt\u00f3w kulturalnych i pracy w instytucjach kultury,<br>\u2022 sporz\u0105dzanie kosztorys\u00f3w, rozliczanie projekt\u00f3w i nadzorowanie ich realizacji,<br>\u2022 znajomo\u015b\u0107 przemian zachodz\u0105cych w kulturze i aktualnych trend\u00f3w,<br>\u2022 odpowiedzialno\u015b\u0107 za realizowane projekty, otwarto\u015b\u0107, umiej\u0119tno\u015b\u0107 pracy w zespole, wysoka kultura osobista, odporno\u015b\u0107 na stres, doskona\u0142a organizacja pracy, samodzielno\u015b\u0107, kreatywno\u015b\u0107,<br>\u2022 za\u015bwiadczenia z Krajowego Rejestru Karnego o niekaralno\u015bci \u201ew zakresie przest\u0119pstw okre\u015blonych w rozdziale XIX i XXV Kodeksu karnego (w tym przest\u0119pstwa przeciwko wolno\u015bci seksualnej i obyczajno\u015bci), w art. 189a i art. 207 Kodeksu karnego oraz w ustawie z dnia 29 lipca 2005 r. o przeciwdzia\u0142aniu narkomanii (Dz. U. z 2023 r. poz. 172 oraz z 2022 r. poz. 2600), lub za odpowiadaj\u0105ce tym przest\u0119pstwom czyny zabronione okre\u015blone w przepisach prawa obcego.\u201d z kartoteki karnej i nieletnich,<br>\u2022 przestrzeganie Standard\u00f3w Ochrony Ma\u0142oletnich.<\/p>\n\n\n\n<p>Oferujemy:<br>\u2022 umow\u0119 o prac\u0119 \/pe\u0142en etat,<br>\u2022 praca w r\u00f3wnowa\u017cnym systemie czasu pracy, r\u00f3wnie\u017c w weekendy,<br>\u2022 fundusz \u015bwiadcze\u0144 socjalnych,<br>\u2022 wynagrodzenie brutto 6 400,00 z\u0142 obejmuje wszystkie sk\u0142adniki p\u0142acowe: wynagrodzenie zasadnicze + dodatek sta\u017cowy liczony od 5%do 20% od wynagrodzenia zasadniczego; nagrody,<br>\u2022 fundusz \u015bwiadcze\u0144 socjalnych: wczasy pod grusz\u0105 i wsparcie finansowe w zwi\u0105zku ze zwi\u0119kszonymi wydatkami w okresie zimowym;<br>\u2022 nagrody 2 razy w roku: w czerwcu i w grudniu;<br>\u2022 mo\u017cliwo\u015b\u0107 ubezpieczenia na \u017cycie i pakietu medycznego;<br>\u2022 przyjemn\u0105 lokalizacj\u0119 w naszej siedzibie w Warszawie przy. ul. Wysockiego 11 otoczonej parkiem, z t\u0119\u017cni\u0105, kawiarni\u0105, ogrodem spo\u0142ecznym, z parkingiem i bezpo\u015brednio s\u0105siaduj\u0105cym przystankiem komunikacji publicznej.<\/p>\n\n\n\n<p>Termin przyjmowania ofert:<br>Zainteresowane osoby prosimy o przes\u0142anie CV wraz z o\u015bwiadczeniem o przetwarzaniu danych osobowych do cel\u00f3w rekrutacyjnych na adres: rekrutacja@dkswit.com.pl z nazw\u0105 stanowiska w temacie wiadomo\u015bci lub dostarczenie osobiste w zaklejonej i opisanej kopercie do kasy DK \u201e\u015awit\u201d do dnia 09.01.2026r. z dopiskiem \u201erekrutacja na stanowisko specjalista\/specjalistka ds. wydarze\u0144\u201d. Informujemy, \u017ce skontaktujemy si\u0119 wy\u0142\u0105cznie z wybranymi Kandydatami. Rozmowy rekrutacyjne mog\u0105 by\u0107 prowadzone w trakcie trwania procesu rekrutacyjnego. Wszystkim osobom dzi\u0119kujemy za zainteresowanie nasz\u0105 ofert\u0105.<br>Przetwarzanie danych osobowych w procesie rekrutacji:<br>Do cel\u00f3w rekrutacyjnych prosimy zawrze\u0107 w aplikacji niniejsz\u0105 klauzul\u0119:<br>\u201eZgoda na przetwarzanie danych osobowych<br>Wyra\u017cam zgod\u0119 na przetwarzanie moich danych osobowych w procesie rekrutacji na stanowisko specjalista\/specjalistka ds. wydarze\u0144, prowadzonej przez Dom Kultury \u201e\u015awit\u201d w Dzielnicy Targ\u00f3wek m. st. Warszawy, ul. Wysockiego 11, 03-371 Warszawa\u201d. Jednocze\u015bnie o\u015bwiadczam, \u017ce zosta\u0142am\/em poinformowana\/y o przys\u0142uguj\u0105cym mi prawie dost\u0119pu do tre\u015bci moich danych oraz ich poprawiania, wycofania zgody na ich przetwarzanie w ka\u017cdym czasie, jak r\u00f3wnie\u017c, \u017ce podanie tych danych by\u0142o dobrowolne oraz, \u017ce w sprawach zwi\u0105zanych z moimi danymi mog\u0119 kontaktowa\u0107 si\u0119 z Inspektorem Ochrony Danych pod adresem iod@dkswit.com.pl \u201d<\/p>\n\n\n\n<p>Informacja dotycz\u0105ca przetwarzania danych osobowych:<br>Administratorem Pa\u0144stwa danych osobowych jest Dom Kultury \u201e\u015awit\u201d w Dzielnicy Targ\u00f3wek m. st. Warszawy, ul. Wysockiego 11, 03-371 Warszawa, swit@dkswit.com.pl. Pa\u0144stwa dane zbierane s\u0105 w celu przeprowadzenia procesu rekrutacji na stanowisko specjalisty\/specjalistki ds. wydarze\u0144. Podanie danych jest dobrowolne. Nie podanie danych skutkowa\u0142o b\u0119dzie brakiem mo\u017cliwo\u015bci wzi\u0119cia udzia\u0142u w rekrutacji. Dane b\u0119d\u0105 przetwarzane tylko i wy\u0142\u0105cznie przez okres trwania wymienionego procesu rekrutacji. Po zako\u0144czeniu dzia\u0142a\u0144 zwi\u0105zanych z procesem zostan\u0105 one usuni\u0119te. Dane nie b\u0119d\u0105 udost\u0119pniane odbiorcom danych, a przetwarzane jedynie w celu okre\u015blonym powy\u017cej. Dane nie b\u0119d\u0105 r\u00f3wnie\u017c przetwarzane w spos\u00f3b zautomatyzowany.<br>W ramach przetwarzania danych przez Administratora przys\u0142uguje Pa\u0144stwu prawo:<br>\u2022 anulowania wydanej zgody;<br>\u2022 dost\u0119pu do danych, uzyskania kopii;<br>\u2022 do sprostowania danych;<br>\u2022 do \u201ebycia zapomnianym\u201d \u2013 usuni\u0119cia danych z bazy;<br>\u2022 do ograniczenia przetwarzania danych;<br>\u2022 do przenoszenia danych;<br>\u2022 do z\u0142o\u017cenia skargi do organu nadzorczego.<br>W sprawach zwi\u0105zanych z Pa\u0144stwa danymi oraz ich przetwarzaniem mog\u0105 si\u0119 Pa\u0144stwo kontaktowa\u0107 z Inspektorem Ochrony Danych Osobowych mailowo pod adresem: iod@dkswit.com.pl<\/p>\n\n\n\n<p>Dopuszcza si\u0119 aplikowanie na stanowisko specjalisty\/specjalistki ds. wydarze\u0144 w wyznaczonym powy\u017cej terminie poprzez portale internetowe zwi\u0105zane z publikacj\u0105 og\u0142osze\u0144 o prac\u0119, na kt\u00f3rych to Dom Kultury \u201e\u015awit\u201d w Dzielnicy Targ\u00f3wek m.st. Warszawy zamie\u015bci przedmiotowe og\u0142oszenie.<\/p>\n\n\n\n<p>Dost\u0119pno\u015b\u0107<br>\u2022 Do sk\u0142adania ofert zach\u0119camy r\u00f3wnie\u017c osoby ze szczeg\u00f3lnymi potrzebami.<br>\u2022 Na ka\u017cdym etapie naboru, po uprzednim zg\u0142oszeniu potrzeby zapewniamy pomoc i wsparcie dla os\u00f3b ze szczeg\u00f3lnymi potrzebami, np. zapewnia pomoc t\u0142umacza j\u0119zyka migowego.<br>\u2022 Szczeg\u00f3lne potrzeby mo\u017cna zg\u0142asza\u0107 na etapie rekrutacji na adres mailowy rekrutacja@dkswit.com.pl.<br>\u2022 DK \u201e\u015awit\u201d jest pracodawc\u0105 r\u00f3wnych szans i wszystkie aplikacje s\u0105 rozwa\u017cane z r\u00f3wn\u0105 uwag\u0105 bez wzgl\u0119du na p\u0142e\u0107, wiek, niepe\u0142nosprawno\u015b\u0107, ras\u0119, narodowo\u015b\u0107, przekonania polityczne, przynale\u017cno\u015b\u0107 zwi\u0105zkow\u0105, pochodzenie etniczne, wyznanie, orientacje seksualn\u0105 czy te\u017c jak\u0105kolwiek inn\u0105 cech\u0119 prawnie chronion\u0105.<br>\u2022 Istnieje mo\u017cliwo\u015b\u0107 dostosowania stanowiska pracy i jego wyposa\u017cenia do indywidualnych potrzeb os\u00f3b ze szczeg\u00f3lnymi potrzebami.<br>\u2022 Opis dost\u0119pno\u015bci DK \u015awit dost\u0119pny jest w Deklaracji dost\u0119pno\u015bci na stronie: https:\/\/dkswit.com.pl\/deklaracja-dostepnosci-serwisu\/.<br>\u2022 W miesi\u0105cu poprzedzaj\u0105cym dat\u0119 upublicznienia og\u0142oszenia wska\u017anik zatrudnienia os\u00f3b niepe\u0142nosprawnych w jednostce w rozumieniu przepis\u00f3w o rehabilitacji zawodowej i spo\u0142ecznej oraz zatrudnianiu os\u00f3b niepe\u0142nosprawnych wynosi\u0142 6%.<\/p>\n\n\n\n<p>Dodatkowe informacje do procesu rekrutacji:<br>\u2022 W Domu Kultury \u201e\u015awit\u201d obowi\u0105zuje Procedura zg\u0142osze\u0144 wewn\u0119trznych, wprowadzona na podstawie przepis\u00f3w ustawy z dnia 14 czerwca 2024 r. o ochronie sygnalist\u00f3w.<br>\u2022 W zwi\u0105zku z ww. Procedur\u0105 przys\u0142uguje uprawnienie zg\u0142oszenia naruszenia prawa polegaj\u0105cego na dzia\u0142aniu lub zaniechaniu niezgodnym z prawem lub maj\u0105cym na celu obej\u015bcie prawa, we wszystkich dziedzinach wskazanych w art. 3 ust. 1 ustawy o ochronie sygnalist\u00f3w.<br>\u2022 Zg\u0142osze\u0144 mo\u017cna dokonywa\u0107 w nast\u0119puj\u0105cy spos\u00f3b \u2013 osobi\u015bcie do Koordynatora ds. zg\u0142osze\u0144.<\/p>\n","protected":false},"excerpt":{"rendered":"<p>Dom Kultury \u201e\u015awit\u201d w Dzielnicy Targ\u00f3wek m.st Warszawy w zwi\u0105zku z dynamicznym rozwojem do swojego zespo\u0142u poszukuje os\u00f3b na stanowisko Specjalista\/Specjalistka ds. wydarze\u0144Miejsce pracy: m.st. Warszawa, siedziba przy ul. Wysockiego 11 Zadania:\u2022 koordynacja wydarze\u0144 i projekt\u00f3w kulturalnych,\u2022 wsp\u00f3\u0142praca z instytucjami, organizacjami spo\u0142ecznymi i pozarz\u0105dowymi, animatorami kultury, aktywistami miejskimi, spo\u0142eczno\u015bci\u0105 lokaln\u0105 w dziedzinie kultury, czasu wolnego, integracji spo\u0142ecznej,\u2022 utrzymywanie kontaktu z realizatorami, producentami, technikami, wykonawcami i innymi partnerami zewn\u0119trznymi bior\u0105cymi udzia\u0142 w przedsi\u0119wzi\u0119ciach DK \u015awit,\u2022 sporz\u0105dzanie i przestrzeganie harmonogram\u00f3w realizacji projekt\u00f3w;\u2022 planowanie, organizowanie i realizowanie zada\u0144 w zakresie imprez wg programu&hellip;<\/p>\n","protected":false},"author":3,"featured_media":0,"parent":0,"menu_order":0,"comment_status":"closed","ping_status":"closed","template":"","meta":{"footnotes":""},"class_list":["post-1308","page","type-page","status-publish","hentry"],"_links":{"self":[{"href":"https:\/\/bip2.dkswit.com.pl\/index.php\/wp-json\/wp\/v2\/pages\/1308","targetHints":{"allow":["GET"]}}],"collection":[{"href":"https:\/\/bip2.dkswit.com.pl\/index.php\/wp-json\/wp\/v2\/pages"}],"about":[{"href":"https:\/\/bip2.dkswit.com.pl\/index.php\/wp-json\/wp\/v2\/types\/page"}],"author":[{"embeddable":true,"href":"https:\/\/bip2.dkswit.com.pl\/index.php\/wp-json\/wp\/v2\/users\/3"}],"replies":[{"embeddable":true,"href":"https:\/\/bip2.dkswit.com.pl\/index.php\/wp-json\/wp\/v2\/comments?post=1308"}],"version-history":[{"count":1,"href":"https:\/\/bip2.dkswit.com.pl\/index.php\/wp-json\/wp\/v2\/pages\/1308\/revisions"}],"predecessor-version":[{"id":1309,"href":"https:\/\/bip2.dkswit.com.pl\/index.php\/wp-json\/wp\/v2\/pages\/1308\/revisions\/1309"}],"wp:attachment":[{"href":"https:\/\/bip2.dkswit.com.pl\/index.php\/wp-json\/wp\/v2\/media?parent=1308"}],"curies":[{"name":"wp","href":"https:\/\/api.w.org\/{rel}","templated":true}]}}