{"id":13,"date":"2020-11-24T18:47:47","date_gmt":"2020-11-24T17:47:47","guid":{"rendered":"http:\/\/bip2.dkswit.com.pl\/?page_id=13"},"modified":"2025-05-16T12:32:46","modified_gmt":"2025-05-16T10:32:46","slug":"wstep","status":"publish","type":"page","link":"https:\/\/bip2.dkswit.com.pl\/","title":{"rendered":"Wst\u0119p"},"content":{"rendered":"\n<p>Dom Kultury \u201e\u015awit\u201d jest instytucj\u0105 kultury realizuj\u0105c\u0105 zadania w\u0142asne Dzielnicy Warszawa Targ\u00f3wek w dziedzinie kultury. Dzia\u0142alno\u015b\u0107 prowadzi od 1958 roku. G\u0142\u00f3wnym zadaniem Domu Kultury jest organizowanie zr\u00f3\u017cnicowanych form dzia\u0142alno\u015bci kulturalno-o\u015bwiatowej i\u00a0rekreacyjnej maj\u0105cej na celu atrakcyjne i po\u017cyteczne zagospodarowanie czasu wolnego dzieci, m\u0142odzie\u017cy i\u00a0doros\u0142ych. Najwa\u017cniejsze imprezy: Warszawski Turniej Rycerski o\u00a0Szabl\u0119 Kr\u00f3la Zygmunta III Wazy, Mi\u0119dzyszkolny Konkurs Wokalno-Muzyczny DEBIUTY, Mi\u0119dzyszkolny Konkurs Zespo\u0142\u00f3w Teatralnych MASKA im. Piotra Grabowskiego, Przegl\u0105d Kinematografii Europejskiej KANON. W Domu Kultury pr\u0119\u017cnie dzia\u0142aj\u0105 dwa uniwersytety: Uniwersytet Dzieci i\u00a0Uniwersytet Trzeciego Wieku.<br><br>Adres:<br>ul. Wysockiego 11<br>03-371 Warszawa<br>NIP 524-10-64-487<br>tel. 22 89 65 100<br>Adres do e-Dor\u0119cze\u0144: AE:PL-81142-53840-VIFVB-15<br><\/p>\n\n\n\n<p><strong>K<\/strong>ONTAKTY<\/p>\n\n\n\n<p><strong>DZIA\u0141 IMPREZ <\/strong><\/p>\n\n\n\n<p>507&nbsp;861 112<\/p>\n\n\n\n<p>571&nbsp;225&nbsp;508<\/p>\n\n\n\n<p>571&nbsp;225&nbsp;509<\/p>\n\n\n\n<p>571&nbsp;225 512<\/p>\n\n\n\n<p><strong>DZIA\u0141 ZAJ\u0118\u0106&nbsp;&nbsp;<\/strong><\/p>\n\n\n\n<p>519&nbsp;752 702<\/p>\n\n\n\n<p>571&nbsp;225 510<\/p>\n\n\n\n<p>571&nbsp;225&nbsp;511<\/p>\n\n\n\n<p><strong>BR\u00d3DNOWSKI UNIWERSYTET TRZECIEGO WIEKU &nbsp;&nbsp;&nbsp;&nbsp;&nbsp;&nbsp;&nbsp;&nbsp;&nbsp;&nbsp;&nbsp;&nbsp;<\/strong><\/p>\n\n\n\n<p>571&nbsp;225 507<\/p>\n\n\n\n<p><strong>KSI\u0118GOWO\u015a\u0106&nbsp; <\/strong><\/p>\n\n\n\n<p>660&nbsp;674 437<\/p>\n\n\n\n<p>571&nbsp;225&nbsp;506<\/p>\n\n\n\n<p><strong>ADMINISTRACJA<\/strong><\/p>\n\n\n\n<p>571&nbsp;225 517<\/p>\n\n\n\n<p><br><br><a href=\"http:\/\/bip.dkswit.com.pl\/?option=com_bip&amp;id=5\">Dziennik zmian<\/a><\/p>\n","protected":false},"excerpt":{"rendered":"<p>Dom Kultury \u201e\u015awit\u201d jest instytucj\u0105 kultury realizuj\u0105c\u0105 zadania w\u0142asne Dzielnicy Warszawa Targ\u00f3wek w dziedzinie kultury. Dzia\u0142alno\u015b\u0107 prowadzi od 1958 roku. G\u0142\u00f3wnym zadaniem Domu Kultury jest organizowanie zr\u00f3\u017cnicowanych form dzia\u0142alno\u015bci kulturalno-o\u015bwiatowej i\u00a0rekreacyjnej maj\u0105cej na celu atrakcyjne i po\u017cyteczne zagospodarowanie czasu wolnego dzieci, m\u0142odzie\u017cy i\u00a0doros\u0142ych. Najwa\u017cniejsze imprezy: Warszawski Turniej Rycerski o\u00a0Szabl\u0119 Kr\u00f3la Zygmunta III Wazy, Mi\u0119dzyszkolny Konkurs Wokalno-Muzyczny DEBIUTY, Mi\u0119dzyszkolny Konkurs Zespo\u0142\u00f3w Teatralnych MASKA im. Piotra Grabowskiego, Przegl\u0105d Kinematografii Europejskiej KANON. W Domu Kultury pr\u0119\u017cnie dzia\u0142aj\u0105 dwa uniwersytety: Uniwersytet Dzieci i\u00a0Uniwersytet Trzeciego Wieku. Adres:ul. Wysockiego 1103-371 WarszawaNIP 524-10-64-487tel. 22 89 65 100Adres&hellip;<\/p>\n","protected":false},"author":1,"featured_media":0,"parent":0,"menu_order":0,"comment_status":"closed","ping_status":"closed","template":"","meta":{"footnotes":""},"class_list":["post-13","page","type-page","status-publish","hentry"],"_links":{"self":[{"href":"https:\/\/bip2.dkswit.com.pl\/index.php\/wp-json\/wp\/v2\/pages\/13","targetHints":{"allow":["GET"]}}],"collection":[{"href":"https:\/\/bip2.dkswit.com.pl\/index.php\/wp-json\/wp\/v2\/pages"}],"about":[{"href":"https:\/\/bip2.dkswit.com.pl\/index.php\/wp-json\/wp\/v2\/types\/page"}],"author":[{"embeddable":true,"href":"https:\/\/bip2.dkswit.com.pl\/index.php\/wp-json\/wp\/v2\/users\/1"}],"replies":[{"embeddable":true,"href":"https:\/\/bip2.dkswit.com.pl\/index.php\/wp-json\/wp\/v2\/comments?post=13"}],"version-history":[{"count":10,"href":"https:\/\/bip2.dkswit.com.pl\/index.php\/wp-json\/wp\/v2\/pages\/13\/revisions"}],"predecessor-version":[{"id":1170,"href":"https:\/\/bip2.dkswit.com.pl\/index.php\/wp-json\/wp\/v2\/pages\/13\/revisions\/1170"}],"wp:attachment":[{"href":"https:\/\/bip2.dkswit.com.pl\/index.php\/wp-json\/wp\/v2\/media?parent=13"}],"curies":[{"name":"wp","href":"https:\/\/api.w.org\/{rel}","templated":true}]}}