{"id":1267,"date":"2025-09-05T14:52:53","date_gmt":"2025-09-05T12:52:53","guid":{"rendered":"https:\/\/bip2.dkswit.com.pl\/?page_id=1267"},"modified":"2025-09-05T14:52:54","modified_gmt":"2025-09-05T12:52:54","slug":"pracownik-gospodarczy-na-zastepstwo","status":"publish","type":"page","link":"https:\/\/bip2.dkswit.com.pl\/index.php\/pracownik-gospodarczy-na-zastepstwo\/","title":{"rendered":"Pracownik gospodarczy (na zast\u0119pstwo)"},"content":{"rendered":"\n<p>Dom Kultury \u201e\u015awit\u201d w Dzielnicy Targ\u00f3wek m.st Warszawy w zwi\u0105zku z dynamicznym rozwojem do swojego zespo\u0142u poszukuje os\u00f3b na stanowisko Pracownik gospodarczy (na zast\u0119pstwo)<br><\/p>\n\n\n\n<p>Miejsce pracy: m.st. Warszawa, siedziba przy ul. Wysockiego 11<\/p>\n\n\n\n<p>Zadania:<br>\u2022 utrzymywanie w nale\u017cytej czysto\u015bci przydzielonych do sprz\u0105tania pomieszcze\u0144, ci\u0105g\u00f3w komunikacyjnych, najbli\u017cszego otoczenia oraz pomieszczenia do przechowywania urz\u0105dze\u0144 i \u015brodk\u00f3w przeznaczonych do sprz\u0105tania,<br>\u2022 mycie pod\u0142\u00f3g i okien,<br>\u2022 dba\u0142o\u015b\u0107 o czysto\u015b\u0107 i porz\u0105dek podczas wydarze\u0144 kulturalnych i zaj\u0119\u0107, przygotowanie garder\u00f3b dla artyst\u00f3w, <br>\u2022 gospodarowanie przydzielonymi \u015brodkami czysto\u015bci,<br>\u2022 obs\u0142uga szatni.<\/p>\n\n\n\n<p>Wymagania:<br>\u2022 wykszta\u0142cenie zawodowe,<br>\u2022 do\u015bwiadczenie min. 1 rok na podobnym stanowisku,<br>\u2022 doskona\u0142a organizacja pracy, punktualno\u015b\u0107, komunikatywno\u015b\u0107, sumienno\u015b\u0107, dyspozycyjno\u015b\u0107, umiej\u0119tno\u015bci interpersonalne, samodzielno\u015b\u0107 oraz umiej\u0119tno\u015b\u0107 pracy w zespole<\/p>\n\n\n\n<p>Oferujemy:<br>\u2022 umow\u0119 o prac\u0119 w wymiarze 1 etatu na zast\u0119pstwo<br>\u2022 praca w r\u00f3wnowa\u017cnym systemie czasu pracy, g\u0142\u00f3wnie 7.00-15.00 oraz minimum jeden weekend w miesi\u0105cu sobota i niedziela po 12 godz. (praca w weekend r\u00f3wnowa\u017cona jest dniami wolnymi w tygodniu);<br>\u2022 wynagrodzenie brutto od 5 200,00 z\u0142 do 6 300,00 z\u0142 (wszystkie sk\u0142adniki wynagrodzenia: wynagrodzenie zasadnicze + dodatek sta\u017cowy); wysoko\u015b\u0107 wynagrodzenia zale\u017cy od do\u015bwiadczenia i kompetencji;<br>\u2022 fundusz \u015bwiadcze\u0144 socjalnych: wczasy pod grusz\u0105 i wsparcie finansowe w zwi\u0105zku ze zwi\u0119kszonymi wydatkami w okresie zimowym;<br>\u2022 nagrody 2 razy w roku: w czerwcu i w grudniu;<br>\u2022 mo\u017cliwo\u015b\u0107 ubezpieczenia na \u017cycie i pakietu medycznego;<br>\u2022 przyjemn\u0105 lokalizacj\u0119 w naszej siedzibie w Warszawie przy. ul. Wysockiego 11 otoczonej parkiem, z t\u0119\u017cni\u0105, kawiarni\u0105, ogrodem spo\u0142ecznym, z parkingiem i bezpo\u015brednio s\u0105siaduj\u0105cym przystankiem komunikacji publicznej.<br><\/p>\n\n\n\n<p>Termin przyjmowania ofert:<br>Zainteresowane osoby prosimy o przes\u0142anie CV wraz z o\u015bwiadczeniem o przetwarzaniu danych osobowych do cel\u00f3w rekrutacyjnych na adres: rekrutacja@dkswit.com.pl z nazw\u0105 stanowiska w temacie wiadomo\u015bci lub dostarczenie osobiste w zaklejonej i opisanej kopercie do kasy DK \u201e\u015awit\u201d do dnia 19.09.2025r. z dopiskiem \u201erekrutacja na stanowisko pracownik gospodarczy\u201d. Informujemy, \u017ce skontaktujemy si\u0119 tylko w wybranymi Kandydatami. Pozosta\u0142ym osobom dzi\u0119kujemy za zainteresowanie nasz\u0105 ofert\u0105.<br><\/p>\n\n\n\n<p>Przetwarzanie danych osobowych w procesie rekrutacji:<br>Do cel\u00f3w rekrutacyjnych prosimy zawrze\u0107 w aplikacji niniejsz\u0105 klauzul\u0119:<br>\u201eZgoda na przetwarzanie danych osobowych<br>Wyra\u017cam zgod\u0119 na przetwarzanie moich danych osobowych w procesie rekrutacji na stanowisko pracownika gospodarczego, prowadzonej przez Dom Kultury \u201e\u015awit\u201d w Dzielnicy Targ\u00f3wek m. st. Warszawy, ul. Wysockiego 11, 03-371 Warszawa\u201d. Jednocze\u015bnie o\u015bwiadczam, \u017ce zosta\u0142am\/em poinformowana\/y o przys\u0142uguj\u0105cym mi prawie dost\u0119pu do tre\u015bci moich danych oraz ich poprawiania, wycofania zgody na ich przetwarzanie w ka\u017cdym czasie, jak r\u00f3wnie\u017c, \u017ce podanie tych danych by\u0142o dobrowolne oraz, \u017ce w sprawach zwi\u0105zanych z moimi danymi mog\u0119 kontaktowa\u0107 si\u0119 z Inspektorem Ochrony Danych pod adresem iod@dkswit.com.pl \u201d<\/p>\n\n\n\n<p>Informacja dotycz\u0105ca przetwarzania danych osobowych:<br>Administratorem Pa\u0144stwa danych osobowych jest Dom Kultury \u201e\u015awit\u201d w Dzielnicy Targ\u00f3wek m. st. Warszawy, ul. Wysockiego 11, 03-371 Warszawa, swit@dkswit.com.pl. Pa\u0144stwa dane zbierane s\u0105 w celu przeprowadzenia procesu rekrutacji na stanowisko pracownika gospodarczego. Podanie danych jest dobrowolne. Nie podanie danych skutkowa\u0142o b\u0119dzie brakiem mo\u017cliwo\u015bci wzi\u0119cia udzia\u0142u w rekrutacji. Dane b\u0119d\u0105 przetwarzane tylko i wy\u0142\u0105cznie przez okres trwania wymienionego procesu rekrutacji. Po zako\u0144czeniu dzia\u0142a\u0144 zwi\u0105zanych z procesem zostan\u0105 one usuni\u0119te. Dane nie b\u0119d\u0105 udost\u0119pniane odbiorcom danych, a przetwarzane jedynie w celu okre\u015blonym powy\u017cej. Dane nie b\u0119d\u0105 r\u00f3wnie\u017c przetwarzane w spos\u00f3b zautomatyzowany.<br>W ramach przetwarzania danych przez Administratora przys\u0142uguje Pa\u0144stwu prawo:<br>\u2022 anulowania wydanej zgody;<br>\u2022 dost\u0119pu do danych, uzyskania kopii;<br>\u2022 do sprostowania danych;<br>\u2022 do \u201ebycia zapomnianym\u201d \u2013 usuni\u0119cia danych z bazy;<br>\u2022 do ograniczenia przetwarzania danych;<br>\u2022 do przenoszenia danych;<br>\u2022 do z\u0142o\u017cenia skargi do organu nadzorczego.<br>W sprawach zwi\u0105zanych z Pa\u0144stwa danymi oraz ich przetwarzaniem mog\u0105 si\u0119 Pa\u0144stwo kontaktowa\u0107 z Inspektorem Ochrony Danych Osobowych mailowo pod adresem: iod@dkswit.com.pl<\/p>\n\n\n\n<p>Dopuszcza si\u0119 aplikowanie na stanowisko pracownika gospodarczego w wyznaczonym powy\u017cej terminie poprzez portale internetowe zwi\u0105zane z publikacj\u0105 og\u0142osze\u0144 o prac\u0119, na kt\u00f3rych to Dom Kultury &#8222;\u015awit&#8221; w Dzielnicy Targ\u00f3wek m.st. Warszawy zamie\u015bci przedmiotowe og\u0142oszenie.<br>Dost\u0119pno\u015b\u0107<br>\u2022 Do sk\u0142adania ofert zach\u0119camy r\u00f3wnie\u017c osoby ze szczeg\u00f3lnymi potrzebami.<br>\u2022 Na ka\u017cdym etapie naboru, po uprzednim zg\u0142oszeniu potrzeby zapewniamy pomoc i wsparcie dla os\u00f3b ze szczeg\u00f3lnymi potrzebami, np. zapewnia pomoc t\u0142umacza j\u0119zyka migowego.<br>\u2022 Szczeg\u00f3lne potrzeby mo\u017cna zg\u0142asza\u0107 na etapie rekrutacji na adres mailowy rekrutacja@dkswit.com.pl.<br>\u2022 DK \u015awit jest pracodawc\u0105 r\u00f3wnych szans i wszystkie aplikacje s\u0105 rozwa\u017cane z r\u00f3wn\u0105 uwag\u0105 bez wzgl\u0119du na p\u0142e\u0107, wiek, niepe\u0142nosprawno\u015b\u0107, ras\u0119, narodowo\u015b\u0107, przekonania polityczne, przynale\u017cno\u015b\u0107 zwi\u0105zkow\u0105, pochodzenie etniczne, wyznanie, orientacje seksualn\u0105 czy te\u017c jak\u0105kolwiek inn\u0105 cech\u0119 prawnie chronion\u0105.<br>\u2022 Istnieje mo\u017cliwo\u015b\u0107 dostosowania stanowiska pracy i jego wyposa\u017cenia do indywidualnych potrzeb os\u00f3b ze szczeg\u00f3lnymi potrzebami.<br>\u2022 Opis dost\u0119pno\u015bci DK \u015awit dost\u0119pny jest w Deklaracji dost\u0119pno\u015bci na stronie: https:\/\/dkswit.com.pl\/deklaracja-dostepnosci-serwisu\/.<br>\u2022 W miesi\u0105cu poprzedzaj\u0105cym dat\u0119 upublicznienia og\u0142oszenia wska\u017anik zatrudnienia os\u00f3b niepe\u0142nosprawnych w jednostce w rozumieniu przepis\u00f3w o rehabilitacji zawodowej i spo\u0142ecznej oraz zatrudnianiu os\u00f3b niepe\u0142nosprawnych wynosi\u0142 6%.<\/p>\n\n\n\n<p>Dodatkowe informacje do procesu rekrutacji:<br>\u2022 W Domu Kultury \u201e\u015awit\u201d obowi\u0105zuje Procedura zg\u0142osze\u0144 wewn\u0119trznych, wprowadzona na podstawie przepis\u00f3w ustawy z dnia 14 czerwca 2024 r. o ochronie sygnalist\u00f3w.<br>\u2022 W zwi\u0105zku z ww. Procedur\u0105 przys\u0142uguje uprawnienie zg\u0142oszenia naruszenia prawa polegaj\u0105cego na dzia\u0142aniu lub zaniechaniu niezgodnym z prawem lub maj\u0105cym na celu obej\u015bcie prawa, we wszystkich dziedzinach wskazanych w art. 3 ust. 1 ustawy o ochronie sygnalist\u00f3w.<br>\u2022 Zg\u0142osze\u0144 mo\u017cna dokonywa\u0107 w nast\u0119puj\u0105cy spos\u00f3b \u2013 osobi\u015bcie do Koordynatora ds. zg\u0142osze\u0144.<\/p>\n","protected":false},"excerpt":{"rendered":"<p>Dom Kultury \u201e\u015awit\u201d w Dzielnicy Targ\u00f3wek m.st Warszawy w zwi\u0105zku z dynamicznym rozwojem do swojego zespo\u0142u poszukuje os\u00f3b na stanowisko Pracownik gospodarczy (na zast\u0119pstwo) Miejsce pracy: m.st. Warszawa, siedziba przy ul. Wysockiego 11 Zadania:\u2022 utrzymywanie w nale\u017cytej czysto\u015bci przydzielonych do sprz\u0105tania pomieszcze\u0144, ci\u0105g\u00f3w komunikacyjnych, najbli\u017cszego otoczenia oraz pomieszczenia do przechowywania urz\u0105dze\u0144 i \u015brodk\u00f3w przeznaczonych do sprz\u0105tania,\u2022 mycie pod\u0142\u00f3g i okien,\u2022 dba\u0142o\u015b\u0107 o czysto\u015b\u0107 i porz\u0105dek podczas wydarze\u0144 kulturalnych i zaj\u0119\u0107, przygotowanie garder\u00f3b dla artyst\u00f3w, \u2022 gospodarowanie przydzielonymi \u015brodkami czysto\u015bci,\u2022 obs\u0142uga szatni. Wymagania:\u2022 wykszta\u0142cenie zawodowe,\u2022 do\u015bwiadczenie min. 1 rok na podobnym&hellip;<\/p>\n","protected":false},"author":3,"featured_media":0,"parent":0,"menu_order":0,"comment_status":"closed","ping_status":"closed","template":"","meta":{"footnotes":""},"class_list":["post-1267","page","type-page","status-publish","hentry"],"_links":{"self":[{"href":"https:\/\/bip2.dkswit.com.pl\/index.php\/wp-json\/wp\/v2\/pages\/1267","targetHints":{"allow":["GET"]}}],"collection":[{"href":"https:\/\/bip2.dkswit.com.pl\/index.php\/wp-json\/wp\/v2\/pages"}],"about":[{"href":"https:\/\/bip2.dkswit.com.pl\/index.php\/wp-json\/wp\/v2\/types\/page"}],"author":[{"embeddable":true,"href":"https:\/\/bip2.dkswit.com.pl\/index.php\/wp-json\/wp\/v2\/users\/3"}],"replies":[{"embeddable":true,"href":"https:\/\/bip2.dkswit.com.pl\/index.php\/wp-json\/wp\/v2\/comments?post=1267"}],"version-history":[{"count":1,"href":"https:\/\/bip2.dkswit.com.pl\/index.php\/wp-json\/wp\/v2\/pages\/1267\/revisions"}],"predecessor-version":[{"id":1268,"href":"https:\/\/bip2.dkswit.com.pl\/index.php\/wp-json\/wp\/v2\/pages\/1267\/revisions\/1268"}],"wp:attachment":[{"href":"https:\/\/bip2.dkswit.com.pl\/index.php\/wp-json\/wp\/v2\/media?parent=1267"}],"curies":[{"name":"wp","href":"https:\/\/api.w.org\/{rel}","templated":true}]}}