{"id":1247,"date":"2025-07-30T14:59:38","date_gmt":"2025-07-30T12:59:38","guid":{"rendered":"https:\/\/bip2.dkswit.com.pl\/?page_id=1247"},"modified":"2025-07-30T14:59:38","modified_gmt":"2025-07-30T12:59:38","slug":"konserwator-4","status":"publish","type":"page","link":"https:\/\/bip2.dkswit.com.pl\/index.php\/konserwator-4\/","title":{"rendered":"Konserwator"},"content":{"rendered":"\n<p>Dom Kultury \u201e\u015awit\u201d w Dzielnicy Targ\u00f3wek m.st Warszawy w zwi\u0105zku z dynamicznym rozwojem do swojego zespo\u0142u poszukuje os\u00f3b na stanowisko Konserwatora<\/p>\n\n\n\n<p>Miejsce pracy: m.st. Warszawa, ARTHOUSE Ko\u0142owa przy ul. Ko\u0142owej 24<\/p>\n\n\n\n<p>Zadania:<br>\u2022 wykonywanie bie\u017c\u0105cych prac konserwacyjnych i drobnych napraw instalacji sanitarnych oraz wyposa\u017cenia plac\u00f3wki,<br>\u2022 realizacja zg\u0142osze\u0144 naprawczych zlecanych przez Kierownika Obiektu,<br>\u2022 drobne prace malarskie, w tym tak\u017ce na wysoko\u015bci powy\u017cej 3 metr\u00f3w,<br>\u2022 codzienny przegl\u0105d stanu technicznego budynku oraz terenu wok\u00f3\u0142 obiektu; zg\u0142aszanie zauwa\u017conych usterek,<br>\u2022 utrzymanie porz\u0105dku wok\u00f3\u0142 plac\u00f3wki (zamiatanie, koszenie trawy, prace ogrodnicze, od\u015bnie\u017canie),<br>\u2022 przygotowywanie pomieszcze\u0144 i sal do zaj\u0119\u0107 \u2013 m.in. ustawianie krzese\u0142 i sto\u0142\u00f3w,<br>\u2022 monitorowanie bezpiecze\u0144stwa na terenie plac\u00f3wki \u2013 reagowanie na pr\u00f3by wej\u015bcia os\u00f3b nietrze\u017awych oraz informowanie odpowiednich s\u0142u\u017cb (Kierownik Obiektu, Ochrona, Stra\u017c Miejska),<br>\u2022 otwieranie i zamykanie obiektu zgodnie z harmonogramem.<\/p>\n\n\n\n<p>Wymagania:<br>\u2022 wykszta\u0142cenie zawodowe,<br>\u2022 do\u015bwiadczenie min. 1 rok na podobnym stanowisku,<br>\u2022 doskona\u0142a organizacja pracy, punktualno\u015b\u0107, komunikatywno\u015b\u0107, sumienno\u015b\u0107, dyspozycyjno\u015b\u0107, umiej\u0119tno\u015bci interpersonalne, samodzielno\u015b\u0107 oraz umiej\u0119tno\u015b\u0107 pracy w zespole,<br>\u2022 za\u015bwiadczenia z Krajowego Rejestru Karnego o niekaralno\u015bci \u201ew zakresie przest\u0119pstw okre\u015blonych w rozdziale XIX i XXV Kodeksu karnego (w tym przest\u0119pstwa przeciwko wolno\u015bci seksualnej i obyczajno\u015bci), w art. 189a i art. 207 Kodeksu karnego oraz w ustawie z dnia 29 lipca 2005 r. o przeciwdzia\u0142aniu narkomanii (Dz. U. z 2023 r. poz. 172 oraz z 2022 r. poz. 2600), lub za odpowiadaj\u0105ce tym przest\u0119pstwom czyny zabronione okre\u015blone w przepisach prawa obcego.\u201d z kartoteki karnej i nieletnich,<br>\u2022 przestrzeganie Standard\u00f3w Ochrony Ma\u0142oletnich,<br>\u2022 obywatelstwo polskie lub obywatelstwo Unii Europejskiej, b\u0105d\u017a obywatelstwo innych pa\u0144stw, je\u015bli ich obywatelom na podstawie um\u00f3w mi\u0119dzynarodowych lub przepis\u00f3w prawa wsp\u00f3lnotowego przys\u0142uguje prawo do podj\u0119cia zatrudnienia na terytorium Rzeczypospolitej Polskiej.<\/p>\n\n\n\n<p>Oferujemy:<br>\u2022 umow\u0119 o prac\u0119 \/pe\u0142en etat od 01.09.2025 roku;<br>\u2022 praca w r\u00f3wnowa\u017cnym systemie czasu pracy, g\u0142\u00f3wnie w plac\u00f3wce ARTHOUSE Ko\u0142owa &#8211; nowoczesnym kompleksie kulturalno-sportowym, przy ul. Ko\u0142owej 24 w Warszawie;<br>\u2022 wynagrodzenie brutto (razem wynagrodzenie zasadnicze i dodatek sta\u017cowy) od 5 900,00 z\u0142 do 6 600,00 z\u0142; wysoko\u015b\u0107 wynagrodzenia zale\u017cy od do\u015bwiadczenia i kompetencji;<br>\u2022 fundusz \u015bwiadcze\u0144 socjalnych: wczasy pod grusz\u0105 i wsparcie finansowe w zwi\u0105zku ze zwi\u0119kszonymi wydatkami w okresie zimowym;<br>\u2022 nagrody 2 razy w roku: w czerwcu i w grudniu.<\/p>\n\n\n\n<p>Termin przyjmowania ofert:<br>Zainteresowane osoby prosimy o przes\u0142anie CV wraz z o\u015bwiadczeniem o przetwarzaniu danych osobowych do cel\u00f3w rekrutacyjnych na adres: rekrutacja@dkswit.com.pl z nazw\u0105 stanowiska w temacie wiadomo\u015bci lub dostarczenie osobiste w zaklejonej i opisanej kopercie do kasy DK \u201e\u015awit\u201d do dnia 13.08.2025r. z dopiskiem \u201erekrutacja na stanowisko konserwator\u201d. Informujemy, \u017ce skontaktujemy si\u0119 tylko w wybranymi Kandydatami. Pozosta\u0142ym osobom dzi\u0119kujemy za zainteresowanie nasz\u0105 ofert\u0105. Nades\u0142anych dokument\u00f3w nie zwracamy. Rozmowy rekrutacyjne mog\u0105 odbywa\u0107 si\u0119 w czasie zbierania ofert. Pozosta\u0142ym osobom dzi\u0119kujemy za zainteresowanie nasz\u0105 ofert\u0105. Nades\u0142anych dokument\u00f3w nie zwracamy.<\/p>\n\n\n\n<p>Przetwarzanie danych osobowych w procesie rekrutacji:<br>Do cel\u00f3w rekrutacyjnych prosimy zawrze\u0107 w aplikacji niniejsz\u0105 klauzul\u0119:<br>\u201eZgoda na przetwarzanie danych osobowych<br>Wyra\u017cam zgod\u0119 na przetwarzanie moich danych osobowych w procesie rekrutacji na stanowisko Konserwator, prowadzonej przez Dom Kultury \u201e\u015awit\u201d w Dzielnicy Targ\u00f3wek m. st. Warszawy, ul. Wysockiego 11, 03-371 Warszawa\u201d. Jednocze\u015bnie o\u015bwiadczam, \u017ce zosta\u0142am\/em poinformowana\/y o przys\u0142uguj\u0105cym mi prawie dost\u0119pu do tre\u015bci moich danych oraz ich poprawiania, wycofania zgody na ich przetwarzanie w ka\u017cdym czasie, jak r\u00f3wnie\u017c, \u017ce podanie tych danych by\u0142o dobrowolne oraz, \u017ce w sprawach zwi\u0105zanych z moimi danymi mog\u0119 kontaktowa\u0107 si\u0119 z Inspektorem Ochrony Danych pod adresem iod@dkswit.com.pl \u201d<\/p>\n\n\n\n<p>Informacja dotycz\u0105ca przetwarzania danych osobowych:<br>Administratorem Pa\u0144stwa danych osobowych jest Dom Kultury \u201e\u015awit\u201d w Dzielnicy Targ\u00f3wek m. st. Warszawy, ul. Wysockiego 11, 03-371 Warszawa, swit@dkswit.com.pl. Pa\u0144stwa dane zbierane s\u0105 w celu przeprowadzenia procesu rekrutacji na stanowisko Konserwator. Podanie danych jest dobrowolne. Nie podanie danych skutkowa\u0142o b\u0119dzie brakiem mo\u017cliwo\u015bci wzi\u0119cia udzia\u0142u w rekrutacji. Dane b\u0119d\u0105 przetwarzane tylko i wy\u0142\u0105cznie przez okres trwania wymienionego procesu rekrutacji. Po zako\u0144czeniu dzia\u0142a\u0144 zwi\u0105zanych z procesem zostan\u0105 one usuni\u0119te. Dane nie b\u0119d\u0105 udost\u0119pniane odbiorcom danych, a przetwarzane jedynie w celu okre\u015blonym powy\u017cej. Dane nie b\u0119d\u0105 r\u00f3wnie\u017c przetwarzane w spos\u00f3b zautomatyzowany.<br>W ramach przetwarzania danych przez Administratora przys\u0142uguje Pa\u0144stwu prawo:<br>\u2022 anulowania wydanej zgody;<br>\u2022 dost\u0119pu do danych, uzyskania kopii;<br>\u2022 do sprostowania danych;<br>\u2022 do \u201ebycia zapomnianym\u201d \u2013 usuni\u0119cia danych z bazy;<br>\u2022 do ograniczenia przetwarzania danych;<br>\u2022 do przenoszenia danych;<br>\u2022 do z\u0142o\u017cenia skargi do organu nadzorczego.<br>W sprawach zwi\u0105zanych z Pa\u0144stwa danymi oraz ich przetwarzaniem mog\u0105 si\u0119 Pa\u0144stwo kontaktowa\u0107 z Inspektorem Ochrony Danych Osobowych mailowo pod adresem: iod@dkswit.com.pl<\/p>\n\n\n\n<p>Dopuszcza si\u0119 aplikowanie na stanowisko Specjalista ds. administracyjno-gospodarczych w wyznaczonym powy\u017cej terminie poprzez portale internetowe zwi\u0105zane z publikacj\u0105 og\u0142osze\u0144 o prac\u0119, na kt\u00f3rych to Dom Kultury &#8222;\u015awit&#8221; w Dzielnicy Targ\u00f3wek m.st. Warszawy zamie\u015bci przedmiotowe og\u0142oszenie.<\/p>\n\n\n\n<p>Dost\u0119pno\u015b\u0107<br>\u2022 Do sk\u0142adania ofert zach\u0119camy r\u00f3wnie\u017c osoby ze szczeg\u00f3lnymi potrzebami.<br>\u2022 Na ka\u017cdym etapie naboru, po uprzednim zg\u0142oszeniu potrzeby zapewniamy pomoc i wsparcie dla os\u00f3b ze szczeg\u00f3lnymi potrzebami, np. zapewnia pomoc t\u0142umacza j\u0119zyka migowego.<br>\u2022 Szczeg\u00f3lne potrzeby mo\u017cna zg\u0142asza\u0107 na etapie rekrutacji na adres mailowy rekrutacja@dkswit.com.pl.<br>\u2022 DK \u015awit jest pracodawc\u0105 r\u00f3wnych szans i wszystkie aplikacje s\u0105 rozwa\u017cane z r\u00f3wn\u0105 uwag\u0105 bez wzgl\u0119du na p\u0142e\u0107, wiek, niepe\u0142nosprawno\u015b\u0107, ras\u0119, narodowo\u015b\u0107, przekonania polityczne, przynale\u017cno\u015b\u0107 zwi\u0105zkow\u0105, pochodzenie etniczne, wyznanie, orientacje seksualn\u0105 czy te\u017c jak\u0105kolwiek inn\u0105 cech\u0119 prawnie chronion\u0105.<br>\u2022 Istnieje mo\u017cliwo\u015b\u0107 dostosowania stanowiska pracy i jego wyposa\u017cenia do indywidualnych potrzeb os\u00f3b ze szczeg\u00f3lnymi potrzebami.<br>\u2022 Opis dost\u0119pno\u015bci Arthouse Ko\u0142owa dost\u0119pny jest w Deklaracji dost\u0119pno\u015bci na stronie: https:\/\/arthousekolowa.pl\/arthouse\/deklaracja-dostepnosci\/ Nowy budynek, kt\u00f3ry b\u0119dzie oddany w przysz\u0142ym sezonie b\u0119dzie dost\u0119pny zar\u00f3wno pod k\u0105tem architektonicznym jak i informacyjno-komunikacyjnym.<br>\u2022 W miesi\u0105cu poprzedzaj\u0105cym dat\u0119 upublicznienia og\u0142oszenia wska\u017anik zatrudnienia os\u00f3b niepe\u0142nosprawnych w jednostce w rozumieniu przepis\u00f3w o rehabilitacji zawodowej i spo\u0142ecznej oraz zatrudnianiu os\u00f3b niepe\u0142nosprawnych wynosi\u0142 6%.<\/p>\n\n\n\n<p>Dodatkowe informacje do procesu rekrutacji:<br>\u2022 W Domu Kultury \u201e\u015awit\u201d obowi\u0105zuje Procedura zg\u0142osze\u0144 wewn\u0119trznych, wprowadzona na podstawie przepis\u00f3w ustawy z dnia 14 czerwca 2024 r. o ochronie sygnalist\u00f3w.<br>\u2022 W zwi\u0105zku z ww. Procedur\u0105 przys\u0142uguje uprawnienie zg\u0142oszenia naruszenia prawa polegaj\u0105cego na dzia\u0142aniu lub zaniechaniu niezgodnym z prawem lub maj\u0105cym na celu obej\u015bcie prawa, we wszystkich dziedzinach wskazanych w art. 3 ust. 1 ustawy o ochronie sygnalist\u00f3w.<br>\u2022 Zg\u0142osze\u0144 mo\u017cna dokonywa\u0107 w nast\u0119puj\u0105cy spos\u00f3b \u2013 osobi\u015bcie do Koordynatora ds. zg\u0142osze\u0144.<\/p>\n","protected":false},"excerpt":{"rendered":"<p>Dom Kultury \u201e\u015awit\u201d w Dzielnicy Targ\u00f3wek m.st Warszawy w zwi\u0105zku z dynamicznym rozwojem do swojego zespo\u0142u poszukuje os\u00f3b na stanowisko Konserwatora Miejsce pracy: m.st. Warszawa, ARTHOUSE Ko\u0142owa przy ul. Ko\u0142owej 24 Zadania:\u2022 wykonywanie bie\u017c\u0105cych prac konserwacyjnych i drobnych napraw instalacji sanitarnych oraz wyposa\u017cenia plac\u00f3wki,\u2022 realizacja zg\u0142osze\u0144 naprawczych zlecanych przez Kierownika Obiektu,\u2022 drobne prace malarskie, w tym tak\u017ce na wysoko\u015bci powy\u017cej 3 metr\u00f3w,\u2022 codzienny przegl\u0105d stanu technicznego budynku oraz terenu wok\u00f3\u0142 obiektu; zg\u0142aszanie zauwa\u017conych usterek,\u2022 utrzymanie porz\u0105dku wok\u00f3\u0142 plac\u00f3wki (zamiatanie, koszenie trawy, prace ogrodnicze, od\u015bnie\u017canie),\u2022 przygotowywanie pomieszcze\u0144 i sal do zaj\u0119\u0107&hellip;<\/p>\n","protected":false},"author":3,"featured_media":0,"parent":0,"menu_order":0,"comment_status":"closed","ping_status":"closed","template":"","meta":{"footnotes":""},"class_list":["post-1247","page","type-page","status-publish","hentry"],"_links":{"self":[{"href":"https:\/\/bip2.dkswit.com.pl\/index.php\/wp-json\/wp\/v2\/pages\/1247","targetHints":{"allow":["GET"]}}],"collection":[{"href":"https:\/\/bip2.dkswit.com.pl\/index.php\/wp-json\/wp\/v2\/pages"}],"about":[{"href":"https:\/\/bip2.dkswit.com.pl\/index.php\/wp-json\/wp\/v2\/types\/page"}],"author":[{"embeddable":true,"href":"https:\/\/bip2.dkswit.com.pl\/index.php\/wp-json\/wp\/v2\/users\/3"}],"replies":[{"embeddable":true,"href":"https:\/\/bip2.dkswit.com.pl\/index.php\/wp-json\/wp\/v2\/comments?post=1247"}],"version-history":[{"count":1,"href":"https:\/\/bip2.dkswit.com.pl\/index.php\/wp-json\/wp\/v2\/pages\/1247\/revisions"}],"predecessor-version":[{"id":1248,"href":"https:\/\/bip2.dkswit.com.pl\/index.php\/wp-json\/wp\/v2\/pages\/1247\/revisions\/1248"}],"wp:attachment":[{"href":"https:\/\/bip2.dkswit.com.pl\/index.php\/wp-json\/wp\/v2\/media?parent=1247"}],"curies":[{"name":"wp","href":"https:\/\/api.w.org\/{rel}","templated":true}]}}