{"id":1220,"date":"2025-07-10T10:29:14","date_gmt":"2025-07-10T08:29:14","guid":{"rendered":"https:\/\/bip2.dkswit.com.pl\/?page_id=1220"},"modified":"2025-07-10T11:55:34","modified_gmt":"2025-07-10T09:55:34","slug":"specjalista-specjalistka-ds-administracyjno-gospodarczych-kolowa-24","status":"publish","type":"page","link":"https:\/\/bip2.dkswit.com.pl\/index.php\/specjalista-specjalistka-ds-administracyjno-gospodarczych-kolowa-24\/","title":{"rendered":"Specjalista\/specjalistka ds. administracyjno-gospodarczych (Ko\u0142owa 24)"},"content":{"rendered":"\n<p>Dom Kultury \u201e\u015awit\u201d w Dzielnicy Targ\u00f3wek m.st Warszawy w zwi\u0105zku z dynamicznym rozwojem do swojego zespo\u0142u poszukuje os\u00f3b na stanowisko Specjalista\/Specjalistka ds. administracyjno-gospodarczych<br>Miejsce pracy: m.st. Warszawa, ARTHOUSE Ko\u0142owa przy ul. Ko\u0142owej 24<\/p>\n\n\n\n<p>Zadania:<br>1) administrowanie kompleksem ARTHOUSE Ko\u0142owa poprzez:<br>a. zapewnienie prawid\u0142owego u\u017cytkowania, konserwacji i zabezpieczenia obiektu;<br>b. prowadzenie ksi\u0105\u017cek obiekt\u00f3w budowalnych i ksi\u0105\u017cek serwisowych urz\u0105dze\u0144 technicznych;<br>c. uczestniczenie w przegl\u0105dach wynikaj\u0105cych z przepis\u00f3w prawa.<br>2) zg\u0142aszanie potrzeb z zakresu zam\u00f3wie\u0144 publicznych, w tym m.in. na us\u0142ugi porz\u0105dkowe, ochrony mienia, utrzymania i piel\u0119gnacji boisk, wyposa\u017cenia pomieszcze\u0144 w sprz\u0119t, meble, urz\u0105dzenia i materia\u0142y niezb\u0119dne do pracy oraz zabezpieczenie i monitorowanie ich stanu technicznego;<br>3) opracowywanie rocznych plan\u00f3w finansowych z zakresu administrowania obiektem;<br>4) nadz\u00f3r nad utrzymaniem czysto\u015bci i porz\u0105dku we wszystkich budynkach i lokalach b\u0119d\u0105cych w dyspozycji oraz terenie wok\u00f3\u0142;<br>5) prowadzenie spraw z zakresu inwestycji i remont\u00f3w, poprzez:<br>a. zg\u0142aszanie konkretnych prac do plan\u00f3w remontowych i inwestycyjnych (rocznych i wieloletnich);<br>b. monitorowanie przebiegu inwestycji i remont\u00f3w;<br>6) prowadzenie wsp\u00f3\u0142pracy z dostawcami us\u0142ug;<br>7) prowadzenie spraw zwi\u0105zanych z obs\u0142ug\u0105 informatyczn\u0105, bezpiecze\u0144stwem i rozwojem teleinformatycznym w plac\u00f3wce;<br>8) nadz\u00f3r nad prawid\u0142ow\u0105 realizacj\u0105 obowi\u0105zk\u00f3w przez partner\u00f3w obiektu (Operator ARTHOUSE Gym, Operator boisk, operator kawiarni, operator sklepu, operator parkingu, itp.),<br>9) prowadzenie spraw zwi\u0105zanych z rozliczeniem wykonawc\u00f3w us\u0142ug, dostaw na obiekcie, w tym rozliczenie dokument\u00f3w ksi\u0119gowych dotycz\u0105cych plac\u00f3wki pod wzgl\u0119dem merytorycznym;<br>10) zapewnienie sprawnego funkcjonowania urz\u0105dze\u0144 technicznych oraz infrastruktury teleinformatycznej;<br>11) prowadzenie spraw zwi\u0105zanych z realizacj\u0105 przepis\u00f3w o zapewnieniu dost\u0119pno\u015bci;<br>12) prowadzenie spraw zwi\u0105zanych z wynajmem:<br>a. powierzchni na u\u017cytek podmiot\u00f3w komercyjnych ARTHOUSE Ko\u0142owa;<br>b. wynajem terenu zewn\u0119trznego;<br>c. wynajem boisk.<br>13) prowadzenie ewidencji danych i sprawozdawczo\u015bci w zakresie swoich obowi\u0105zk\u00f3w;<br>14) inicjowane dodatkowych prac i rozwi\u0105za\u0144 w obiekcie.<\/p>\n\n\n\n<p>Wymagania:<br>\u2022 wykszta\u0142cenie wy\u017csze,<br>\u2022 min. 2 lata do\u015bwiadczenia w obs\u0142udze technicznej budynk\u00f3w,<br>\u2022 znajomo\u015b\u0107 podstaw prawa budowlanego,<br>\u2022 znajomo\u015b\u0107 obs\u0142ugi technicznej oraz konserwacji instalacji i urz\u0105dze\u0144, elektrycznych, ch\u0142odniczych, PPO\u017b. i niskopr\u0105dowych,<br>\u2022 samodzielno\u015b\u0107, komunikatywno\u015b\u0107, odpowiedzialno\u015b\u0107, umiej\u0119tno\u015b\u0107 budowania i utrzymywania trwa\u0142ych relacji biznesowych, dobra organizacja czasu i pracy, odporno\u015b\u0107 na stres,<br>\u2022 za\u015bwiadczenia z Krajowego Rejestru Karnego o niekaralno\u015bci \u201ew zakresie przest\u0119pstw okre\u015blonych w rozdziale XIX i XXV Kodeksu karnego (w tym przest\u0119pstwa przeciwko wolno\u015bci seksualnej i obyczajno\u015bci), w art. 189a i art. 207 Kodeksu karnego oraz w ustawie z dnia 29 lipca 2005 r. o przeciwdzia\u0142aniu narkomanii (Dz. U. z 2023 r. poz. 172 oraz z 2022 r. poz. 2600), lub za odpowiadaj\u0105ce tym przest\u0119pstwom czyny zabronione okre\u015blone w przepisach prawa obcego.\u201d z kartoteki karnej i nieletnich,<br>\u2022 przestrzeganie Standard\u00f3w Ochrony Ma\u0142oletnich,<br>\u2022 obywatelstwo polskie lub obywatelstwo Unii Europejskiej, b\u0105d\u017a obywatelstwo innych pa\u0144stw, je\u015bli ich obywatelom na podstawie um\u00f3w mi\u0119dzynarodowych lub przepis\u00f3w prawa wsp\u00f3lnotowego przys\u0142uguje prawo do podj\u0119cia zatrudnienia na terytorium Rzeczypospolitej Polskiej.<\/p>\n\n\n\n<p>Oferujemy:<br>\u2022 umow\u0119 o prac\u0119 \/pe\u0142en etat od 01.08.2025 roku;<br>\u2022 praca w r\u00f3wnowa\u017cnym systemie czasu pracy, g\u0142\u00f3wnie w plac\u00f3wce ARTHOUSE Ko\u0142owa &#8211; nowoczesnym kompleksie kulturalno-sportowym, przy ul. Ko\u0142owej 24 w Warszawie;<br>\u2022 wynagrodzenie brutto (razem wynagrodzenie zasadnicze i dodatek sta\u017cowy) od 6 100,00 z\u0142 do 7 320,00 z\u0142; wysoko\u015b\u0107 wynagrodzenia zale\u017cy od do\u015bwiadczenia i kompetencji,<br>\u2022 fundusz \u015bwiadcze\u0144 socjalnych: wczasy pod grusz\u0105 i wsparcie finansowe w zwi\u0105zku ze zwi\u0119kszonymi wydatkami w okresie zimowym;<br>\u2022 nagrody 2 razy w roku: w czerwcu i w grudniu.<\/p>\n\n\n\n<p>Termin przyjmowania ofert:<br>Zainteresowane osoby prosimy o przes\u0142anie CV wraz z <a href=\"https:\/\/bip2.dkswit.com.pl\/wp-content\/uploads\/2024\/06\/oswiadczenie_rekrutacja.pdf\">o\u015bwiadczeniem o przetwarzaniu danych osobowych do cel\u00f3w rekrutacyjnych<\/a> na adres: <a href=\"mailto:rekrutacja@dkswit.com.pl\">rekrutacja@dkswit.com.pl<\/a> z nazw\u0105 stanowiska w temacie wiadomo\u015bci lub dostarczenie osobiste w zaklejonej i opisanej kopercie do kasy DK \u201e\u015awit\u201d do dnia 24.07.2025r. z dopiskiem \u201erekrutacja na stanowisko Specjalista ds. administracyjno-gospodarczych Ko\u0142owa 24\u201d. Informujemy, \u017ce skontaktujemy si\u0119 tylko w wybranymi Kandydatami. Pozosta\u0142ym osobom dzi\u0119kujemy za zainteresowanie nasz\u0105 ofert\u0105. Nades\u0142anych dokument\u00f3w nie zwracamy. Rozmowy rekrutacyjne mog\u0105 odbywa\u0107 si\u0119 w czasie zbierania ofert. Pozosta\u0142ym osobom dzi\u0119kujemy za zainteresowanie nasz\u0105 ofert\u0105. Nades\u0142anych dokument\u00f3w nie zwracamy.<br>Przetwarzanie danych osobowych w procesie rekrutacji:<br>Do cel\u00f3w rekrutacyjnych prosimy zawrze\u0107 w aplikacji niniejsz\u0105 klauzul\u0119:<br>\u201eZgoda na przetwarzanie danych osobowych<br>Wyra\u017cam zgod\u0119 na przetwarzanie moich danych osobowych w procesie rekrutacji na stanowisko Specjalista ds. administracyjno-gospodarczych, prowadzonej przez Dom Kultury \u201e\u015awit\u201d w Dzielnicy Targ\u00f3wek m. st. Warszawy, ul. Wysockiego 11, 03-371 Warszawa\u201d. Jednocze\u015bnie o\u015bwiadczam, \u017ce zosta\u0142am\/em poinformowana\/y o przys\u0142uguj\u0105cym mi prawie dost\u0119pu do tre\u015bci moich danych oraz ich poprawiania, wycofania zgody na ich przetwarzanie w ka\u017cdym czasie, jak r\u00f3wnie\u017c, \u017ce podanie tych danych by\u0142o dobrowolne oraz, \u017ce w sprawach zwi\u0105zanych z moimi danymi mog\u0119 kontaktowa\u0107 si\u0119 z Inspektorem Ochrony Danych pod adresem iod@dkswit.com.pl \u201d<\/p>\n\n\n\n<p>Informacja dotycz\u0105ca przetwarzania danych osobowych:<br>Administratorem Pa\u0144stwa danych osobowych jest Dom Kultury \u201e\u015awit\u201d w Dzielnicy Targ\u00f3wek m. st. Warszawy, ul. Wysockiego 11, 03-371 Warszawa, swit@dkswit.com.pl. Pa\u0144stwa dane zbierane s\u0105 w celu przeprowadzenia procesu rekrutacji na stanowisko Specjalista ds. administracyjno-gospodarczych. Podanie danych jest dobrowolne. Nie podanie danych skutkowa\u0142o b\u0119dzie brakiem mo\u017cliwo\u015bci wzi\u0119cia udzia\u0142u w rekrutacji. Dane b\u0119d\u0105 przetwarzane tylko i wy\u0142\u0105cznie przez okres trwania wymienionego procesu rekrutacji. Po zako\u0144czeniu dzia\u0142a\u0144 zwi\u0105zanych z procesem zostan\u0105 one usuni\u0119te. Dane nie b\u0119d\u0105 udost\u0119pniane odbiorcom danych, a przetwarzane jedynie w celu okre\u015blonym powy\u017cej. Dane nie b\u0119d\u0105 r\u00f3wnie\u017c przetwarzane w spos\u00f3b zautomatyzowany.<br>W ramach przetwarzania danych przez Administratora przys\u0142uguje Pa\u0144stwu prawo:<br>\u2022 anulowania wydanej zgody;<br>\u2022 dost\u0119pu do danych, uzyskania kopii;<br>\u2022 do sprostowania danych;<br>\u2022 do \u201ebycia zapomnianym\u201d \u2013 usuni\u0119cia danych z bazy;<br>\u2022 do ograniczenia przetwarzania danych;<br>\u2022 do przenoszenia danych;<br>\u2022 do z\u0142o\u017cenia skargi do organu nadzorczego.<br>W sprawach zwi\u0105zanych z Pa\u0144stwa danymi oraz ich przetwarzaniem mog\u0105 si\u0119 Pa\u0144stwo kontaktowa\u0107 z Inspektorem Ochrony Danych Osobowych mailowo pod adresem: iod@dkswit.com.pl<\/p>\n\n\n\n<p>Dopuszcza si\u0119 aplikowanie na stanowisko Specjalista ds. administracyjno-gospodarczych w wyznaczonym powy\u017cej terminie poprzez portale internetowe zwi\u0105zane z publikacj\u0105 og\u0142osze\u0144 o prac\u0119, na kt\u00f3rych to Dom Kultury &#8222;\u015awit&#8221; w Dzielnicy Targ\u00f3wek m.st. Warszawy zamie\u015bci przedmiotowe og\u0142oszenie.<\/p>\n\n\n\n<p>Dost\u0119pno\u015b\u0107<br>\u2022 Do sk\u0142adania ofert zach\u0119camy r\u00f3wnie\u017c osoby ze szczeg\u00f3lnymi potrzebami.<br>\u2022 Na ka\u017cdym etapie naboru, po uprzednim zg\u0142oszeniu potrzeby zapewniamy pomoc i wsparcie dla os\u00f3b ze szczeg\u00f3lnymi potrzebami, np. zapewnia pomoc t\u0142umacza j\u0119zyka migowego.<br>\u2022 Szczeg\u00f3lne potrzeby mo\u017cna zg\u0142asza\u0107 na etapie rekrutacji na adres mailowy <a href=\"mailto:rekrutacja@dkswit.com.pl\">rekrutacja@dkswit.com.pl<\/a>.<br>\u2022 DK \u015awit jest pracodawc\u0105 r\u00f3wnych szans i wszystkie aplikacje s\u0105 rozwa\u017cane z r\u00f3wn\u0105 uwag\u0105 bez wzgl\u0119du na p\u0142e\u0107, wiek, niepe\u0142nosprawno\u015b\u0107, ras\u0119, narodowo\u015b\u0107, przekonania polityczne, przynale\u017cno\u015b\u0107 zwi\u0105zkow\u0105, pochodzenie etniczne, wyznanie, orientacje seksualn\u0105 czy te\u017c jak\u0105kolwiek inn\u0105 cech\u0119 prawnie chronion\u0105.<br>\u2022 Istnieje mo\u017cliwo\u015b\u0107 dostosowania stanowiska pracy i jego wyposa\u017cenia do indywidualnych potrzeb os\u00f3b ze szczeg\u00f3lnymi potrzebami.<br>\u2022 Opis dost\u0119pno\u015bci Arthouse Ko\u0142owa dost\u0119pny jest w Deklaracji dost\u0119pno\u015bci na stronie: <a href=\"https:\/\/arthousekolowa.pl\/arthouse\/deklaracja-dostepnosci\/\">https:\/\/arthousekolowa.pl\/arthouse\/deklaracja-dostepnosci\/<\/a> Nowy budynek, kt\u00f3ry b\u0119dzie oddany w przysz\u0142ym sezonie b\u0119dzie dost\u0119pny zar\u00f3wno pod k\u0105tem architektonicznym jak i informacyjno-komunikacyjnym.<br>\u2022 W miesi\u0105cu poprzedzaj\u0105cym dat\u0119 upublicznienia og\u0142oszenia wska\u017anik zatrudnienia os\u00f3b niepe\u0142nosprawnych w jednostce w rozumieniu przepis\u00f3w o rehabilitacji zawodowej i spo\u0142ecznej oraz zatrudnianiu os\u00f3b niepe\u0142nosprawnych wynosi\u0142 6%.<\/p>\n\n\n\n<p>Dodatkowe informacje do procesu rekrutacji:<br>\u2022 W Domu Kultury \u201e\u015awit\u201d obowi\u0105zuje Procedura zg\u0142osze\u0144 wewn\u0119trznych, wprowadzona na podstawie przepis\u00f3w ustawy z dnia 14 czerwca 2024 r. o ochronie sygnalist\u00f3w.<br>\u2022 W zwi\u0105zku z ww. Procedur\u0105 przys\u0142uguje uprawnienie zg\u0142oszenia naruszenia prawa polegaj\u0105cego na dzia\u0142aniu lub zaniechaniu niezgodnym z prawem lub maj\u0105cym na celu obej\u015bcie prawa, we wszystkich dziedzinach wskazanych w art. 3 ust. 1 ustawy o ochronie sygnalist\u00f3w.<br>\u2022 Zg\u0142osze\u0144 mo\u017cna dokonywa\u0107 w nast\u0119puj\u0105cy spos\u00f3b \u2013 osobi\u015bcie do Koordynatora ds. zg\u0142osze\u0144.<\/p>\n","protected":false},"excerpt":{"rendered":"<p>Dom Kultury \u201e\u015awit\u201d w Dzielnicy Targ\u00f3wek m.st Warszawy w zwi\u0105zku z dynamicznym rozwojem do swojego zespo\u0142u poszukuje os\u00f3b na stanowisko Specjalista\/Specjalistka ds. administracyjno-gospodarczychMiejsce pracy: m.st. Warszawa, ARTHOUSE Ko\u0142owa przy ul. Ko\u0142owej 24 Zadania:1) administrowanie kompleksem ARTHOUSE Ko\u0142owa poprzez:a. zapewnienie prawid\u0142owego u\u017cytkowania, konserwacji i zabezpieczenia obiektu;b. prowadzenie ksi\u0105\u017cek obiekt\u00f3w budowalnych i ksi\u0105\u017cek serwisowych urz\u0105dze\u0144 technicznych;c. uczestniczenie w przegl\u0105dach wynikaj\u0105cych z przepis\u00f3w prawa.2) zg\u0142aszanie potrzeb z zakresu zam\u00f3wie\u0144 publicznych, w tym m.in. na us\u0142ugi porz\u0105dkowe, ochrony mienia, utrzymania i piel\u0119gnacji boisk, wyposa\u017cenia pomieszcze\u0144 w sprz\u0119t, meble, urz\u0105dzenia i materia\u0142y niezb\u0119dne do pracy&hellip;<\/p>\n","protected":false},"author":3,"featured_media":0,"parent":0,"menu_order":0,"comment_status":"closed","ping_status":"closed","template":"","meta":{"footnotes":""},"class_list":["post-1220","page","type-page","status-publish","hentry"],"_links":{"self":[{"href":"https:\/\/bip2.dkswit.com.pl\/index.php\/wp-json\/wp\/v2\/pages\/1220","targetHints":{"allow":["GET"]}}],"collection":[{"href":"https:\/\/bip2.dkswit.com.pl\/index.php\/wp-json\/wp\/v2\/pages"}],"about":[{"href":"https:\/\/bip2.dkswit.com.pl\/index.php\/wp-json\/wp\/v2\/types\/page"}],"author":[{"embeddable":true,"href":"https:\/\/bip2.dkswit.com.pl\/index.php\/wp-json\/wp\/v2\/users\/3"}],"replies":[{"embeddable":true,"href":"https:\/\/bip2.dkswit.com.pl\/index.php\/wp-json\/wp\/v2\/comments?post=1220"}],"version-history":[{"count":3,"href":"https:\/\/bip2.dkswit.com.pl\/index.php\/wp-json\/wp\/v2\/pages\/1220\/revisions"}],"predecessor-version":[{"id":1228,"href":"https:\/\/bip2.dkswit.com.pl\/index.php\/wp-json\/wp\/v2\/pages\/1220\/revisions\/1228"}],"wp:attachment":[{"href":"https:\/\/bip2.dkswit.com.pl\/index.php\/wp-json\/wp\/v2\/media?parent=1220"}],"curies":[{"name":"wp","href":"https:\/\/api.w.org\/{rel}","templated":true}]}}