{"id":117,"date":"2021-02-23T12:36:38","date_gmt":"2021-02-23T11:36:38","guid":{"rendered":"http:\/\/bip2.dkswit.com.pl\/?page_id=117"},"modified":"2026-03-13T11:36:50","modified_gmt":"2026-03-13T10:36:50","slug":"pracownicy","status":"publish","type":"page","link":"https:\/\/bip2.dkswit.com.pl\/index.php\/pracownicy\/","title":{"rendered":"KADRA"},"content":{"rendered":"\n<h1 class=\"wp-block-heading\" style=\"font-size:19px\">Dyrektor Domu Kultury \u015aWIT<\/h1>\n\n\n\n<h1 class=\"wp-block-heading\" style=\"font-size:19px\">Lidia Krawczyk<\/h1>\n\n\n\n<p><a href=\"mailto:lkrawczyk@dkswit.com.pl\">lkrawczyk@dkswit.com.pl<\/a><br><a href=\"mailto:dyrektor@dkswit.com.pl\">dyrektor@dkswit.com.pl<\/a><\/p>\n\n\n\n<h1 class=\"wp-block-heading\" style=\"font-size:19px\">Z-ca Dyrektora Domu Kultury \u015aWIT<\/h1>\n\n\n\n<h1 class=\"wp-block-heading\" style=\"font-size:19px\">Katarzyna Kordowiak-Zdunek<\/h1>\n\n\n\n<p><a rel=\"noreferrer noopener\" href=\"mailto:lkrawczyk@dkswit.com.pl\" target=\"_blank\">kkordowiak@dkswit.com.pl<\/a><\/p>\n\n\n\n<p class=\"has-text-align-left\"><br>Dyrektorki zapraszaj\u0105 na rozmow\u0119 po wcze\u015bniejszym um\u00f3wieniu terminu                           w DK \u201e\u015awit\u201d. Celem uzgodnienia terminu spotkania prosimy o kontakt telefoniczny, e-mail lub osobisty w godzinach 8.00-16.00.<\/p>\n\n\n\n<h1 class=\"wp-block-heading\" style=\"font-size:19px\">G\u0142\u00f3wna Ksi\u0119gowa<\/h1>\n\n\n\n<p>Justyna W\u00f3jtowicz-Mielczarek<\/p>\n\n\n\n<p><a href=\"mailto:jwojtowiczmielczarek@dkswit.com.pl\">jwojtowiczmielczarek@dkswit.com.pl<\/a><\/p>\n\n\n\n<h1 class=\"wp-block-heading\" style=\"font-size:19px\">Koordynator dost\u0119pno\u015bci<\/h1>\n\n\n\n<p>Katarzyna Kordowiak-Zdunek<\/p>\n\n\n\n<p><a href=\"mailto:dostepnosc@dkswit.com.pl\">dostepnosc@dkswit.com.pl<\/a><\/p>\n\n\n\n<p><\/p>\n","protected":false},"excerpt":{"rendered":"<p>Dyrektor Domu Kultury \u015aWIT Lidia Krawczyk lkrawczyk@dkswit.com.pldyrektor@dkswit.com.pl Z-ca Dyrektora Domu Kultury \u015aWIT Katarzyna Kordowiak-Zdunek kkordowiak@dkswit.com.pl Dyrektorki zapraszaj\u0105 na rozmow\u0119 po wcze\u015bniejszym um\u00f3wieniu terminu w DK \u201e\u015awit\u201d. Celem uzgodnienia terminu spotkania prosimy o kontakt telefoniczny, e-mail lub osobisty w godzinach 8.00-16.00. G\u0142\u00f3wna Ksi\u0119gowa Justyna W\u00f3jtowicz-Mielczarek jwojtowiczmielczarek@dkswit.com.pl Koordynator dost\u0119pno\u015bci Katarzyna Kordowiak-Zdunek dostepnosc@dkswit.com.pl<\/p>\n","protected":false},"author":1,"featured_media":0,"parent":0,"menu_order":0,"comment_status":"closed","ping_status":"closed","template":"","meta":{"footnotes":""},"class_list":["post-117","page","type-page","status-publish","hentry"],"_links":{"self":[{"href":"https:\/\/bip2.dkswit.com.pl\/index.php\/wp-json\/wp\/v2\/pages\/117","targetHints":{"allow":["GET"]}}],"collection":[{"href":"https:\/\/bip2.dkswit.com.pl\/index.php\/wp-json\/wp\/v2\/pages"}],"about":[{"href":"https:\/\/bip2.dkswit.com.pl\/index.php\/wp-json\/wp\/v2\/types\/page"}],"author":[{"embeddable":true,"href":"https:\/\/bip2.dkswit.com.pl\/index.php\/wp-json\/wp\/v2\/users\/1"}],"replies":[{"embeddable":true,"href":"https:\/\/bip2.dkswit.com.pl\/index.php\/wp-json\/wp\/v2\/comments?post=117"}],"version-history":[{"count":25,"href":"https:\/\/bip2.dkswit.com.pl\/index.php\/wp-json\/wp\/v2\/pages\/117\/revisions"}],"predecessor-version":[{"id":1353,"href":"https:\/\/bip2.dkswit.com.pl\/index.php\/wp-json\/wp\/v2\/pages\/117\/revisions\/1353"}],"wp:attachment":[{"href":"https:\/\/bip2.dkswit.com.pl\/index.php\/wp-json\/wp\/v2\/media?parent=117"}],"curies":[{"name":"wp","href":"https:\/\/api.w.org\/{rel}","templated":true}]}}