{"id":1099,"date":"2025-04-14T16:59:41","date_gmt":"2025-04-14T14:59:41","guid":{"rendered":"https:\/\/bip2.dkswit.com.pl\/?page_id=1099"},"modified":"2025-04-14T16:59:41","modified_gmt":"2025-04-14T14:59:41","slug":"zastepca-kierownika-dzialu-administracyjno-gospodarczego","status":"publish","type":"page","link":"https:\/\/bip2.dkswit.com.pl\/index.php\/zastepca-kierownika-dzialu-administracyjno-gospodarczego\/","title":{"rendered":"Zast\u0119pca Kierownika Dzia\u0142u Administracyjno-Gospodarczego"},"content":{"rendered":"\n<p>Dom Kultury \u201e\u015awit\u201d w Dzielnicy Targ\u00f3wek m.st Warszawy w zwi\u0105zku z dynamicznym rozwojem do swojego zespo\u0142u poszukuje os\u00f3b na stanowisko<\/p>\n\n\n\n<p>Zast\u0119pca Kierownika Dzia\u0142u Administracyjno-Gospodarczego<br>Miejsce pracy: m.st. Warszawa, ul. Wysockiego 11<\/p>\n\n\n\n<p>Zadania:<br>\u2022 Zarz\u0105dza infrastruktur\u0105 budynk\u00f3w firmy, w tym wsp\u00f3\u0142pracuje z dostawcami us\u0142ug serwisowych, nadz\u00f3r nad pracami remontowymi\/budowlanymi oraz dbanie o utrzymanie czysto\u015bci i bezpiecze\u0144stwa obiekt\u00f3w.<br>\u2022 Odpowiada za terminowe przegl\u0105dy m.in. budynku oraz sprz\u0119tu przeciwpo\u017carowego, kominiarskie, urz\u0105dze\u0144 w kot\u0142owni i in. Zgodne z przepisami prawa.<br>\u2022 Odpowiada za maj\u0105tek Domu Kultury oraz jego bezpiecze\u0144stwo. Zaopatruje na bie\u017c\u0105co w materia\u0142y i sprz\u0119t niezb\u0119dny do funkcjonowania plac\u00f3wki.<br>\u2022 Uczestniczy w przygotowaniu plan\u00f3w dzia\u0142a\u0144 administracyjnych, plan\u00f3w finansowych, WPI.<br>\u2022 Odpowiada w zakresie spraw administracyjnych za prawid\u0142owe przygotowanie imprez i wydarze\u0144 oraz prawid\u0142owy ich przebieg.<br>\u2022 Prowadzi sprawy zwi\u0105zane z udzieleniem zam\u00f3wie\u0144 publicznych do 130 000,00 z\u0142, kt\u00f3re nie podlegaj\u0105 procedurze stosowania ustawy Prawo Zam\u00f3wie\u0144 Publicznych, dokonuje rozpoznania rynku i zbieranie ofert, uczestniczenie w wyborze oferty, przygotowanie um\u00f3w i nadz\u00f3r nad realizacj\u0105.<br>\u2022 Opracowuje i na bie\u017c\u0105co aktualizuje zgodnie z obowi\u0105zuj\u0105cymi przepisami regulamin zam\u00f3wie\u0144 publicznych bez zastosowania ustawy wraz z procedurami.<br>\u2022 Opracowuje i na bie\u017c\u0105co aktualizuje zgodnie z obowi\u0105zuj\u0105cymi przepisami regulamin zam\u00f3wie\u0144 publicznych wraz z procedurami, zgodnie z UZP.<br>\u2022 Nadzoruje wszystkie dzia\u0142ania z zakresu sieci teleinformatycznej i IT, wsp\u00f3\u0142pracuje z firmami zewn\u0119trznymi \u015bwiadcz\u0105cymi ww. us\u0142ugi.<br>\u2022 Koordynuje i nadzoruje bezpo\u015brednio prac\u0119 personelu pracuj\u0105cego w siedzibie przy ul. Wysockiego 11.<br>\u2022 Prowadzi Rejestry Dzia\u0142u, m.in. wydawania znaczk\u00f3w pocztowych, bilet\u00f3w MZA.<br>\u2022 Wystawia faktury sta\u0142e i okazjonalne oraz opisuje i sprawdza pod wzgl\u0119dem merytorycznym wszystkie faktury i rachunki dotycz\u0105ce dzia\u0142alno\u015bci administracyjnej.<br>\u2022 Przygotowuje i wystawia sta\u0142e umowy na wynajem i inne, dotycz\u0105ce administracji i obs\u0142ugi obiektu.<br>\u2022 Sporz\u0105dza sprawozdania z dzia\u0142alno\u015bci administracyjnej.<br>\u2022 Podejmuje dzia\u0142ania na rzecz pozyskiwania \u015brodk\u00f3w finansowych z funduszy pomocowych zwi\u0105zanych z dzia\u0142alno\u015bci\u0105 administracyjn\u0105 Domu Kultury (analizuje i dokonuje wyboru w\u0142a\u015bciwych program\u00f3w pomocowych, wype\u0142nia wnioski, w przypadku ich przyj\u0119cia nadzoruje w\u0142a\u015bciw\u0105 realizacj\u0119 projektu).<\/p>\n\n\n\n<p>Wymagania:<br>\u2022 wykszta\u0142cenie wy\u017csze,<br>\u2022 uko\u0144czony kurs administratora nieruchomo\u015bci (certyfikat),<br>\u2022 do\u015bwiadczenia w kierowaniu zespo\u0142em powy\u017cej 7 os\u00f3b minimum 3 lata w jednej instytucji,<br>\u2022 znajomo\u015bci przepis\u00f3w z zakresu zam\u00f3wie\u0144 publicznych,<br>\u2022 dobra organizacja pracy i efektywno\u015b\u0107 w realizacji wyznaczonych cel\u00f3w,<br>\u2022 bieg\u0142ej obs\u0142ugi program\u00f3w z pakietu MS Office: Word, Exell, PowerPoint,<br>\u2022 za\u015bwiadczenia z Krajowego Rejestru Karnego o niekaralno\u015bci \u201ew zakresie przest\u0119pstw okre\u015blonych w rozdziale XIX i XXV Kodeksu karnego (w tym przest\u0119pstwa przeciwko wolno\u015bci seksualnej i obyczajno\u015bci), w art. 189a i art. 207 Kodeksu karnego oraz w ustawie z dnia 29 lipca 2005 r. o przeciwdzia\u0142aniu narkomanii (Dz. U. z 2023 r. poz. 172 oraz z 2022 r. poz. 2600), lub za odpowiadaj\u0105ce tym przest\u0119pstwom czyny zabronione okre\u015blone w przepisach prawa obcego.\u201d z kartoteki karnej i nieletnich,<br>\u2022 przestrzeganie Standard\u00f3w Ochrony Ma\u0142oletnich,<br>\u2022 obywatelstwo polskie lub obywatelstwo Unii Europejskiej, b\u0105d\u017a obywatelstwo innych pa\u0144stw, je\u015bli ich obywatelom na podstawie um\u00f3w mi\u0119dzynarodowych lub przepis\u00f3w prawa wsp\u00f3lnotowego przys\u0142uguje prawo do podj\u0119cia zatrudnienia na terytorium Rzeczypospolitej Polskiej.<\/p>\n\n\n\n<p>Oferujemy:<br>\u2022 umow\u0119 o prac\u0119 \/pe\u0142en etat od 1 czerwca 2025r.<br>\u2022 praca w r\u00f3wnowa\u017cnym systemie czasu pracy, g\u0142\u00f3wnie od poniedzia\u0142ku do pi\u0105tku, sporadycznie w weekendy, w tym w czasie obs\u0142ugi imprez;<br>\u2022 wynagrodzenie brutto (razem wszystkie sk\u0142adniki wynagrodzenia) od 7 400,00 z\u0142 do 8 000,00 z\u0142; wysoko\u015b\u0107 wynagrodzenia zale\u017cy od do\u015bwiadczenia i kompetencji;<br>\u2022 fundusz \u015bwiadcze\u0144 socjalnych: wczasy pod grusz\u0105 i wsparcie finansowe w zwi\u0105zku ze zwi\u0119kszonymi wydatkami w okresie zimowym;<br>\u2022 nagrody 2 razy w roku: w czerwcu i w grudniu;<br>\u2022 mo\u017cliwo\u015b\u0107 ubezpieczenia na \u017cycie i pakietu medycznego;<br>\u2022 przyjemn\u0105 lokalizacj\u0119 w naszej siedzibie w Warszawie przy. ul. Wysockiego 11 otoczonej parkiem, z t\u0119\u017cni\u0105, kawiarni\u0105, ogrodem spo\u0142ecznym, z parkingiem i bezpo\u015brednio s\u0105siaduj\u0105cym przystankiem komunikacji publicznej.<\/p>\n\n\n\n<p>Termin przyjmowania ofert:<br>Zainteresowane osoby prosimy o przes\u0142anie CV wraz z o\u015bwiadczeniem o przetwarzaniu danych osobowych do cel\u00f3w rekrutacyjnych na adres: rekrutacja@dkswit.com.pl z nazw\u0105 stanowiska w temacie wiadomo\u015bci lub dostarczenie osobiste w zaklejonej i opisanej kopercie do kasy DK \u201e\u015awit\u201d do dnia 28.04.2025r. z dopiskiem \u201erekrutacja na stanowisko zast\u0119pca kierownika Dzia\u0142u Administracyjno-Gospodarczego\u201d. Informujemy, \u017ce skontaktujemy si\u0119 tylko w wybranymi Kandydatami. Rozmowy rekrutacyjne mog\u0105 odbywa\u0107 si\u0119 w czasie zbierania ofert. Pozosta\u0142ym osobom dzi\u0119kujemy za zainteresowanie nasz\u0105 ofert\u0105. Nades\u0142anych dokument\u00f3w nie zwracamy.<br>Przetwarzanie danych osobowych w procesie rekrutacji:<br>Do cel\u00f3w rekrutacyjnych prosimy zawrze\u0107 w aplikacji niniejsz\u0105 klauzul\u0119:<br>\u201eZgoda na przetwarzanie danych osobowych<br>Wyra\u017cam zgod\u0119 na przetwarzanie moich danych osobowych w procesie rekrutacji na stanowisko Zast\u0119pcy Kierownika Dzia\u0142u Administracyjno-Gospodarczego, prowadzonej przez Dom Kultury \u201e\u015awit\u201d w Dzielnicy Targ\u00f3wek m. st. Warszawy, ul. Wysockiego 11, 03-371 Warszawa\u201d. Jednocze\u015bnie o\u015bwiadczam, \u017ce zosta\u0142am\/em poinformowana\/y o przys\u0142uguj\u0105cym mi prawie dost\u0119pu do tre\u015bci moich danych oraz ich poprawiania, wycofania zgody na ich przetwarzanie w ka\u017cdym czasie, jak r\u00f3wnie\u017c, \u017ce podanie tych danych by\u0142o dobrowolne oraz, \u017ce w sprawach zwi\u0105zanych z moimi danymi mog\u0119 kontaktowa\u0107 si\u0119 z Inspektorem Ochrony Danych pod adresem iod@dkswit.com.pl \u201d<\/p>\n\n\n\n<p>Informacja dotycz\u0105ca przetwarzania danych osobowych:<br>Administratorem Pa\u0144stwa danych osobowych jest Dom Kultury \u201e\u015awit\u201d w Dzielnicy Targ\u00f3wek m. st. Warszawy, ul. Wysockiego 11, 03-371 Warszawa, swit@dkswit.com.pl. Pa\u0144stwa dane zbierane s\u0105 w celu przeprowadzenia procesu rekrutacji na stanowisko Zast\u0119pcy Kierownika Dzia\u0142u Administracyjno-Gospodarczego. Podanie danych jest dobrowolne. Nie podanie danych skutkowa\u0142o b\u0119dzie brakiem mo\u017cliwo\u015bci wzi\u0119cia udzia\u0142u w rekrutacji. Dane b\u0119d\u0105 przetwarzane tylko i wy\u0142\u0105cznie przez okres trwania wymienionego procesu rekrutacji. Po zako\u0144czeniu dzia\u0142a\u0144 zwi\u0105zanych z procesem zostan\u0105 one usuni\u0119te. Dane nie b\u0119d\u0105 udost\u0119pniane odbiorcom danych, a przetwarzane jedynie w celu okre\u015blonym powy\u017cej. Dane nie b\u0119d\u0105 r\u00f3wnie\u017c przetwarzane w spos\u00f3b zautomatyzowany.<br>W ramach przetwarzania danych przez Administratora przys\u0142uguje Pa\u0144stwu prawo:<br>\u2022 anulowania wydanej zgody;<br>\u2022 dost\u0119pu do danych, uzyskania kopii;<br>\u2022 do sprostowania danych;<br>\u2022 do \u201ebycia zapomnianym\u201d \u2013 usuni\u0119cia danych z bazy;<br>\u2022 do ograniczenia przetwarzania danych;<br>\u2022 do przenoszenia danych;<br>\u2022 do z\u0142o\u017cenia skargi do organu nadzorczego.<br>W sprawach zwi\u0105zanych z Pa\u0144stwa danymi oraz ich przetwarzaniem mog\u0105 si\u0119 Pa\u0144stwo kontaktowa\u0107 z Inspektorem Ochrony Danych Osobowych mailowo pod adresem: iod@dkswit.com.pl<\/p>\n\n\n\n<p>Dopuszcza si\u0119 aplikowanie na stanowisko Zast\u0119pcy Kierownika Dzia\u0142u Administracyjno-Gospodarczego w wyznaczonym powy\u017cej terminie poprzez portale internetowe zwi\u0105zane z publikacj\u0105 og\u0142osze\u0144 o prac\u0119, na kt\u00f3rych to Dom Kultury &#8222;\u015awit&#8221; w Dzielnicy Targ\u00f3wek m.st. Warszawy zamie\u015bci przedmiotowe og\u0142oszenie.<\/p>\n\n\n\n<p>Dodatkowe informacje do procesu rekrutacji:<br>\u2022 W Domu Kultury \u201e\u015awit\u201d obowi\u0105zuje Procedura zg\u0142osze\u0144 wewn\u0119trznych, wprowadzona na podstawie przepis\u00f3w ustawy z dnia 14 czerwca 2024 r. o ochronie sygnalist\u00f3w.<br>\u2022 W zwi\u0105zku z ww. Procedur\u0105 przys\u0142uguje uprawnienie zg\u0142oszenia naruszenia prawa polegaj\u0105cego na dzia\u0142aniu lub zaniechaniu niezgodnym z prawem lub maj\u0105cym na celu obej\u015bcie prawa, we wszystkich dziedzinach wskazanych w art. 3 ust. 1 ustawy o ochronie sygnalist\u00f3w.<br>\u2022 Zg\u0142osze\u0144 mo\u017cna dokonywa\u0107 w nast\u0119puj\u0105cy spos\u00f3b \u2013 osobi\u015bcie do Koordynatora ds. zg\u0142osze\u0144.<br>\u2022 w miesi\u0105cu poprzedzaj\u0105cym dat\u0119 upublicznienia og\u0142oszenia wska\u017anik zatrudnienia os\u00f3b niepe\u0142nosprawnych w jednostce w rozumieniu przepis\u00f3w o rehabilitacji zawodowej i spo\u0142ecznej oraz zatrudnianiu os\u00f3b niepe\u0142nosprawnych, jest wy\u017cszy ni\u017c 6%.<\/p>\n","protected":false},"excerpt":{"rendered":"<p>Dom Kultury \u201e\u015awit\u201d w Dzielnicy Targ\u00f3wek m.st Warszawy w zwi\u0105zku z dynamicznym rozwojem do swojego zespo\u0142u poszukuje os\u00f3b na stanowisko Zast\u0119pca Kierownika Dzia\u0142u Administracyjno-GospodarczegoMiejsce pracy: m.st. Warszawa, ul. Wysockiego 11 Zadania:\u2022 Zarz\u0105dza infrastruktur\u0105 budynk\u00f3w firmy, w tym wsp\u00f3\u0142pracuje z dostawcami us\u0142ug serwisowych, nadz\u00f3r nad pracami remontowymi\/budowlanymi oraz dbanie o utrzymanie czysto\u015bci i bezpiecze\u0144stwa obiekt\u00f3w.\u2022 Odpowiada za terminowe przegl\u0105dy m.in. budynku oraz sprz\u0119tu przeciwpo\u017carowego, kominiarskie, urz\u0105dze\u0144 w kot\u0142owni i in. Zgodne z przepisami prawa.\u2022 Odpowiada za maj\u0105tek Domu Kultury oraz jego bezpiecze\u0144stwo. Zaopatruje na bie\u017c\u0105co w materia\u0142y i sprz\u0119t niezb\u0119dny do&hellip;<\/p>\n","protected":false},"author":3,"featured_media":0,"parent":0,"menu_order":0,"comment_status":"closed","ping_status":"closed","template":"","meta":{"footnotes":""},"class_list":["post-1099","page","type-page","status-publish","hentry"],"_links":{"self":[{"href":"https:\/\/bip2.dkswit.com.pl\/index.php\/wp-json\/wp\/v2\/pages\/1099","targetHints":{"allow":["GET"]}}],"collection":[{"href":"https:\/\/bip2.dkswit.com.pl\/index.php\/wp-json\/wp\/v2\/pages"}],"about":[{"href":"https:\/\/bip2.dkswit.com.pl\/index.php\/wp-json\/wp\/v2\/types\/page"}],"author":[{"embeddable":true,"href":"https:\/\/bip2.dkswit.com.pl\/index.php\/wp-json\/wp\/v2\/users\/3"}],"replies":[{"embeddable":true,"href":"https:\/\/bip2.dkswit.com.pl\/index.php\/wp-json\/wp\/v2\/comments?post=1099"}],"version-history":[{"count":1,"href":"https:\/\/bip2.dkswit.com.pl\/index.php\/wp-json\/wp\/v2\/pages\/1099\/revisions"}],"predecessor-version":[{"id":1100,"href":"https:\/\/bip2.dkswit.com.pl\/index.php\/wp-json\/wp\/v2\/pages\/1099\/revisions\/1100"}],"wp:attachment":[{"href":"https:\/\/bip2.dkswit.com.pl\/index.php\/wp-json\/wp\/v2\/media?parent=1099"}],"curies":[{"name":"wp","href":"https:\/\/api.w.org\/{rel}","templated":true}]}}