{"id":1083,"date":"2025-03-31T10:21:53","date_gmt":"2025-03-31T08:21:53","guid":{"rendered":"https:\/\/bip2.dkswit.com.pl\/?page_id=1083"},"modified":"2025-03-31T10:23:55","modified_gmt":"2025-03-31T08:23:55","slug":"specjalista-specjalistka-ds-wydarzen-arthouse-kolowa","status":"publish","type":"page","link":"https:\/\/bip2.dkswit.com.pl\/index.php\/specjalista-specjalistka-ds-wydarzen-arthouse-kolowa\/","title":{"rendered":"Specjalista\/ Specjalistka ds. wydarze\u0144 ARTHOUSE Ko\u0142owa"},"content":{"rendered":"\n<p>Dom Kultury \u201e\u015awit\u201d w Dzielnicy Targ\u00f3wek m.st Warszawy w zwi\u0105zku z dynamicznym rozwojem do swojego zespo\u0142u poszukuje os\u00f3b na stanowisko specjalista\/ specjalistka ds. wydarze\u0144 ARTHOUSE Ko\u0142owa<\/p>\n\n\n\n<p>Miejsce pracy: m.st. Warszawa, plac\u00f3wka ARTHOUSE Ko\u0142owa, ul. Ko\u0142owa 18<\/p>\n\n\n\n<p>Zadania:<br>\u2022 wsp\u00f3\u0142tworzenie i realizacja programu Arthouse Ko\u0142owa \u2013 organizowanie zaj\u0119\u0107 i wydarze\u0144,<br>\u2022 promocja dzia\u0142a\u0144 kulturalnych Arthouse Ko\u0142owa (tworzenie tre\u015bci i zamieszczanie na FB\/IG plac\u00f3wki),<br>\u2022 sporz\u0105dzanie miesi\u0119cznych plan\u00f3w oraz sprawozda\u0144 z dzia\u0142alno\u015bci,<br>\u2022 wsp\u00f3\u0142organizacja wydarze\u0144 kulturalno-artystycznych dla wszystkich grup wiekowych,<br>\u2022 wsp\u00f3\u0142praca z mieszka\u0144cami oraz partnerami zewn\u0119trznymi, w tym plac\u00f3wkami o\u015bwiatowymi i wychowawczymi oraz z sektorem NGO,<br>\u2022 wsparcie komunikacji, budowanie pozytywnego wizerunku miejsca,<br>\u2022 wsp\u00f3\u0142praca z innymi plac\u00f3wkami oraz dzia\u0142ami DK \u015awit<\/p>\n\n\n\n<p>Wymagania:<br>\u2022 do\u015bwiadczenia w realizacji projekt\u00f3w kulturalnych i pracy w instytucjach kultury,<br>\u2022 do\u015bwiadczenia w pracy z organizacjami spo\u0142ecznymi i pozarz\u0105dowymi,<br>\u2022 znajomo\u015bci przemian zachodz\u0105cych w kulturze i aktualnych trend\u00f3w oraz narz\u0119dzi marketingowych,<br>\u2022 dobrej organizacji pracy i efektywno\u015bci w realizacji wyznaczonych cel\u00f3w,<br>\u2022 kreatywnego, tw\u00f3rczego my\u015blenia,<br>\u2022 \u0142atwo\u015bci nawi\u0105zywania kontakt\u00f3w,<br>\u2022 bieg\u0142ej obs\u0142ugi program\u00f3w z pakietu MS Office: Word, Exell, PowerPoint<br>\u2022 za\u015bwiadczenia z Krajowego Rejestru Karnego o niekaralno\u015bci \u201ew zakresie przest\u0119pstw okre\u015blonych w rozdziale XIX i XXV Kodeksu karnego (w tym przest\u0119pstwa przeciwko wolno\u015bci seksualnej i obyczajno\u015bci), w art. 189a i art. 207 Kodeksu karnego oraz w ustawie z dnia 29 lipca 2005 r. o przeciwdzia\u0142aniu narkomanii (Dz. U. z 2023 r. poz. 172 oraz z 2022 r. poz. 2600), lub za odpowiadaj\u0105ce tym przest\u0119pstwom czyny zabronione okre\u015blone w przepisach prawa obcego.\u201d z kartoteki karnej i nieletnich,<br>\u2022 przestrzeganie Standard\u00f3w Ochrony Ma\u0142oletnich,<br>\u2022 obywatelstwo polskie lub obywatelstwo Unii Europejskiej, b\u0105d\u017a obywatelstwo innych pa\u0144stw, je\u015bli ich obywatelom na podstawie um\u00f3w mi\u0119dzynarodowych lub przepis\u00f3w prawa wsp\u00f3lnotowego przys\u0142uguje prawo do podj\u0119cia zatrudnienia na terytorium Rzeczypospolitej Polskiej.<\/p>\n\n\n\n<p>Oferujemy:<br>\u2022 umow\u0119 o prac\u0119 \/pe\u0142en etat;<br>\u2022 praca w r\u00f3wnowa\u017cnym systemie czasu pracy, cz\u0119sto wieczorami i w weekendy;<br>\u2022 wynagrodzenie brutto od 6 000,00 z\u0142 do 6 400,00 z\u0142 (razem wszystkie sk\u0142adniki wynagrodzenia: wynagrodzenie zasadnicze + dodatek za wys\u0142ug\u0119 lat); wysoko\u015b\u0107 wynagrodzenia zale\u017cy od do\u015bwiadczenia i kompetencji;<br>\u2022 fundusz \u015bwiadcze\u0144 socjalnych: wczasy pod grusz\u0105 i wsparcie finansowe w zwi\u0105zku ze zwi\u0119kszonymi wydatkami w okresie zimowym;<br>\u2022 nagrody 2 razy w roku: w czerwcu i w grudniu;<br>\u2022 mo\u017cliwo\u015b\u0107 ubezpieczenia na \u017cycie i pakietu medycznego;<br>\u2022 lokalizacja w naszej plac\u00f3wce w Warszawie przy. ul. Ko\u0142owe 18 w nowoczesnym kompleksie kulturalno-sportowym, bezpo\u015brednie s\u0105siedztwo Parku Wiecha. Teatru Rampa, bliska lokalizacja stacji Metro Trocka i Targ\u00f3wek Mieszkaniowy.<\/p>\n\n\n\n<p>Termin przyjmowania ofert:<br>Zainteresowane osoby prosimy o przes\u0142anie CV wraz z o\u015bwiadczeniem o przetwarzaniu danych osobowych do cel\u00f3w rekrutacyjnych na adres: rekrutacja@dkswit.com.pl z nazw\u0105 stanowiska w temacie wiadomo\u015bci lub dostarczenie osobiste w zaklejonej i opisanej kopercie do kasy DK \u201e\u015awit\u201d do dnia 11.04.2025r. z dopiskiem \u201erekrutacja na stanowisko specjalisty ds. wydarze\u0144 ARTHOUSE Ko\u0142owa\u201d. Informujemy, \u017ce skontaktujemy si\u0119 tylko w wybranymi Kandydatami. Pozosta\u0142ym osobom dzi\u0119kujemy za zainteresowanie nasz\u0105 ofert\u0105. Nades\u0142anych dokument\u00f3w nie zwracamy. Rozmowy rekrutacyjne odb\u0119d\u0105 si\u0119 14 a 17 kwietnia 2025 roku.<br>Przetwarzanie danych osobowych w procesie rekrutacji:<br>Do cel\u00f3w rekrutacyjnych prosimy zawrze\u0107 w aplikacji niniejsz\u0105 klauzul\u0119:<br>\u201eZgoda na przetwarzanie danych osobowych<br>Wyra\u017cam zgod\u0119 na przetwarzanie moich danych osobowych w procesie rekrutacji na stanowisko Specjalista ds. wydarze\u0144 ARTHOUSE Ko\u0142owa, prowadzonej przez Dom Kultury \u201e\u015awit\u201d w Dzielnicy Targ\u00f3wek m. st. Warszawy, ul. Wysockiego 11, 03-371 Warszawa\u201d. Jednocze\u015bnie o\u015bwiadczam, \u017ce zosta\u0142am\/em poinformowana\/y o przys\u0142uguj\u0105cym mi prawie dost\u0119pu do tre\u015bci moich danych oraz ich poprawiania, wycofania zgody na ich przetwarzanie w ka\u017cdym czasie, jak r\u00f3wnie\u017c, \u017ce podanie tych danych by\u0142o dobrowolne oraz, \u017ce w sprawach zwi\u0105zanych z moimi danymi mog\u0119 kontaktowa\u0107 si\u0119 z Inspektorem Ochrony Danych pod adresem iod@dkswit.com.pl \u201d<\/p>\n\n\n\n<p>Informacja dotycz\u0105ca przetwarzania danych osobowych:<br>Administratorem Pa\u0144stwa danych osobowych jest Dom Kultury \u201e\u015awit\u201d w Dzielnicy Targ\u00f3wek m. st. Warszawy, ul. Wysockiego 11, 03-371 Warszawa, swit@dkswit.com.pl. Pa\u0144stwa dane zbierane s\u0105 w celu przeprowadzenia procesu rekrutacji na stanowisko Specjalisty ds. wydarze\u0144 ARTHOUSE Ko\u0142owa. Podanie danych jest dobrowolne. Nie podanie danych skutkowa\u0142o b\u0119dzie brakiem mo\u017cliwo\u015bci wzi\u0119cia udzia\u0142u w rekrutacji. Dane b\u0119d\u0105 przetwarzane tylko i wy\u0142\u0105cznie przez okres trwania wymienionego procesu rekrutacji. Po zako\u0144czeniu dzia\u0142a\u0144 zwi\u0105zanych z procesem zostan\u0105 one usuni\u0119te. Dane nie b\u0119d\u0105 udost\u0119pniane odbiorcom danych, a przetwarzane jedynie w celu okre\u015blonym powy\u017cej. Dane nie b\u0119d\u0105 r\u00f3wnie\u017c przetwarzane w spos\u00f3b zautomatyzowany.<br>W ramach przetwarzania danych przez Administratora przys\u0142uguje Pa\u0144stwu prawo:<br>\u2022 anulowania wydanej zgody;<br>\u2022 dost\u0119pu do danych, uzyskania kopii;<br>\u2022 do sprostowania danych;<br>\u2022 do \u201ebycia zapomnianym\u201d \u2013 usuni\u0119cia danych z bazy;<br>\u2022 do ograniczenia przetwarzania danych;<br>\u2022 do przenoszenia danych;<br>\u2022 do z\u0142o\u017cenia skargi do organu nadzorczego.<br>W sprawach zwi\u0105zanych z Pa\u0144stwa danymi oraz ich przetwarzaniem mog\u0105 si\u0119 Pa\u0144stwo kontaktowa\u0107 z Inspektorem Ochrony Danych Osobowych mailowo pod adresem: iod@dkswit.com.pl<\/p>\n\n\n\n<p>Dopuszcza si\u0119 aplikowanie na stanowisko Specjalisty ds. wydarze\u0144 ARTHOUSE Ko\u0142owa w wyznaczonym powy\u017cej terminie poprzez portale internetowe zwi\u0105zane z publikacj\u0105 og\u0142osze\u0144 o prac\u0119, na kt\u00f3rych to Dom Kultury &#8222;\u015awit&#8221; w Dzielnicy Targ\u00f3wek m.st. Warszawy zamie\u015bci przedmiotowe og\u0142oszenie.<\/p>\n\n\n\n<p>Dodatkowe informacje do procesu rekrutacji:<br>\u2022 W Domu Kultury \u201e\u015awit\u201d obowi\u0105zuje Procedura zg\u0142osze\u0144 wewn\u0119trznych, wprowadzona na podstawie przepis\u00f3w ustawy z dnia 14 czerwca 2024 r. o ochronie sygnalist\u00f3w.<br>\u2022 W zwi\u0105zku z ww. Procedur\u0105 przys\u0142uguje uprawnienie zg\u0142oszenia naruszenia prawa polegaj\u0105cego na dzia\u0142aniu lub zaniechaniu niezgodnym z prawem lub maj\u0105cym na celu obej\u015bcie prawa, we wszystkich dziedzinach wskazanych w art. 3 ust. 1 ustawy o ochronie sygnalist\u00f3w.<br>\u2022 Zg\u0142osze\u0144 mo\u017cna dokonywa\u0107 w nast\u0119puj\u0105cy spos\u00f3b \u2013 osobi\u015bcie do Koordynatora ds. zg\u0142osze\u0144.<br>\u2022 w miesi\u0105cu poprzedzaj\u0105cym dat\u0119 upublicznienia og\u0142oszenia wska\u017anik zatrudnienia os\u00f3b niepe\u0142nosprawnych w jednostce w rozumieniu przepis\u00f3w o rehabilitacji zawodowej i spo\u0142ecznej oraz zatrudnianiu os\u00f3b niepe\u0142nosprawnych, jest wy\u017cszy ni\u017c 6%.<\/p>\n","protected":false},"excerpt":{"rendered":"<p>Dom Kultury \u201e\u015awit\u201d w Dzielnicy Targ\u00f3wek m.st Warszawy w zwi\u0105zku z dynamicznym rozwojem do swojego zespo\u0142u poszukuje os\u00f3b na stanowisko specjalista\/ specjalistka ds. wydarze\u0144 ARTHOUSE Ko\u0142owa Miejsce pracy: m.st. Warszawa, plac\u00f3wka ARTHOUSE Ko\u0142owa, ul. Ko\u0142owa 18 Zadania:\u2022 wsp\u00f3\u0142tworzenie i realizacja programu Arthouse Ko\u0142owa \u2013 organizowanie zaj\u0119\u0107 i wydarze\u0144,\u2022 promocja dzia\u0142a\u0144 kulturalnych Arthouse Ko\u0142owa (tworzenie tre\u015bci i zamieszczanie na FB\/IG plac\u00f3wki),\u2022 sporz\u0105dzanie miesi\u0119cznych plan\u00f3w oraz sprawozda\u0144 z dzia\u0142alno\u015bci,\u2022 wsp\u00f3\u0142organizacja wydarze\u0144 kulturalno-artystycznych dla wszystkich grup wiekowych,\u2022 wsp\u00f3\u0142praca z mieszka\u0144cami oraz partnerami zewn\u0119trznymi, w tym plac\u00f3wkami o\u015bwiatowymi i wychowawczymi oraz z sektorem NGO,\u2022&hellip;<\/p>\n","protected":false},"author":3,"featured_media":0,"parent":0,"menu_order":0,"comment_status":"closed","ping_status":"closed","template":"","meta":{"footnotes":""},"class_list":["post-1083","page","type-page","status-publish","hentry"],"_links":{"self":[{"href":"https:\/\/bip2.dkswit.com.pl\/index.php\/wp-json\/wp\/v2\/pages\/1083","targetHints":{"allow":["GET"]}}],"collection":[{"href":"https:\/\/bip2.dkswit.com.pl\/index.php\/wp-json\/wp\/v2\/pages"}],"about":[{"href":"https:\/\/bip2.dkswit.com.pl\/index.php\/wp-json\/wp\/v2\/types\/page"}],"author":[{"embeddable":true,"href":"https:\/\/bip2.dkswit.com.pl\/index.php\/wp-json\/wp\/v2\/users\/3"}],"replies":[{"embeddable":true,"href":"https:\/\/bip2.dkswit.com.pl\/index.php\/wp-json\/wp\/v2\/comments?post=1083"}],"version-history":[{"count":2,"href":"https:\/\/bip2.dkswit.com.pl\/index.php\/wp-json\/wp\/v2\/pages\/1083\/revisions"}],"predecessor-version":[{"id":1085,"href":"https:\/\/bip2.dkswit.com.pl\/index.php\/wp-json\/wp\/v2\/pages\/1083\/revisions\/1085"}],"wp:attachment":[{"href":"https:\/\/bip2.dkswit.com.pl\/index.php\/wp-json\/wp\/v2\/media?parent=1083"}],"curies":[{"name":"wp","href":"https:\/\/api.w.org\/{rel}","templated":true}]}}