{"id":1072,"date":"2025-02-05T17:15:51","date_gmt":"2025-02-05T16:15:51","guid":{"rendered":"https:\/\/bip2.dkswit.com.pl\/?page_id=1072"},"modified":"2025-02-05T17:31:33","modified_gmt":"2025-02-05T16:31:33","slug":"koordynator-arthouse-kolowa-na-zastepstwo","status":"publish","type":"page","link":"https:\/\/bip2.dkswit.com.pl\/index.php\/koordynator-arthouse-kolowa-na-zastepstwo\/","title":{"rendered":"Koordynator ARTHOUSE Ko\u0142owa (na zast\u0119pstwo)"},"content":{"rendered":"\n<p>Dom Kultury \u201e\u015awit\u201d w Dzielnicy Targ\u00f3wek m.st Warszawy w zwi\u0105zku z dynamicznym rozwojem do swojego zespo\u0142u poszukuje os\u00f3b na stanowisko<\/p>\n\n\n\n<p>Miejsce pracy: m.st. Warszawa, ARTHOUSE Ko\u0142owa przy ul. Ko\u0142owej 18<\/p>\n\n\n\n<p>Zadania:<br>1) koordynowanie dzia\u0142alno\u015bci ARTHOUSE Ko\u0142owa,<br>2) wsp\u00f3\u0142dzia\u0142anie z mieszka\u0144cami oraz wsparcie przy realizacji inicjatyw s\u0105siedzkich;<br>3) opracowywanie harmonogram\u00f3w, planowanie i organizowanie dzia\u0142a\u0144 ARTHOUSE Ko\u0142owa;<br>4) nadz\u00f3r nad bud\u017cetem ARTHOUSE Ko\u0142owa;<br>5) koordynacja wydarze\u0144 oraz projekt\u00f3w spo\u0142eczno-kulturalnych, w tym wsp\u00f3\u0142praca z mieszka\u0144cami, wolontariuszami, NGO;<br>6) pozyskiwanie i wsp\u00f3\u0142praca z partnerami;<br>7) podstawowe prace administracyjne i koordynacja dzia\u0142a\u0144 zespo\u0142\u00f3w;<br>8) budowanie oraz wdra\u017canie strategii promocyjnej;<br>9) promocja nowych plac\u00f3wek DK \u201e\u015awit\u201d (ARTHOUSE Ko\u0142owa i Domu Otwartego);<br>10) kreowanie pozytywnego wizerunku instytucji w mediach i \u015brodowisku lokalnym;<br>11) wsp\u00f3\u0142praca z pozosta\u0142ymi kom\u00f3rkami;<br>12) nawi\u0105zywanie kontakt\u00f3w z mediami;<br>13) nawi\u0105zywanie kontakt\u00f3w i wsp\u00f3\u0142praca z mediami;<br>14) prowadzenie dokumentacji z dzia\u0142alno\u015bci ARTHOUSE Ko\u0142owa;<br>15) bie\u017c\u0105ce przekazywanie informacji o imprezach do serwis\u00f3w informacyjnych, medi\u00f3w lokalnych;<br>16) promocja wydarze\u0144 artystycznych, zaj\u0119\u0107 sta\u0142ych, wydarze\u0144 oraz projekt\u00f3w realizowanych przez ARTHOUSE Ko\u0142owa;<br>17) nawi\u0105zywanie kontakt\u00f3w oraz aktywna wsp\u00f3\u0142praca z zewn\u0119trznymi podmiotami\/partnerami.<\/p>\n\n\n\n<p>Wymagania:<br>\u2022 wykszta\u0142cenie wy\u017csze,<br>\u2022 do\u015bwiadczenie min. 2 lata w instytucji,<br>\u2022 doskona\u0142a organizacja pracy, punktualno\u015b\u0107, komunikatywno\u015b\u0107, sumienno\u015b\u0107, dyspozycyjno\u015b\u0107, umiej\u0119tno\u015bci interpersonalne, samodzielno\u015b\u0107 oraz umiej\u0119tno\u015b\u0107 pracy w zespole,<br>\u2022 za\u015bwiadczenia z Krajowego Rejestru Karnego o niekaralno\u015bci \u201ew zakresie przest\u0119pstw okre\u015blonych w rozdziale XIX i XXV Kodeksu karnego (w tym przest\u0119pstwa przeciwko wolno\u015bci seksualnej i obyczajno\u015bci), w art. 189a i art. 207 Kodeksu karnego oraz w ustawie z dnia 29 lipca 2005 r. o przeciwdzia\u0142aniu narkomanii (Dz. U. z 2023 r. poz. 172 oraz z 2022 r. poz. 2600), lub za odpowiadaj\u0105ce tym przest\u0119pstwom czyny zabronione okre\u015blone w przepisach prawa obcego.\u201d z kartoteki karnej i nieletnich,<br>\u2022 przestrzeganie Standard\u00f3w Ochrony Ma\u0142oletnich,<br>\u2022 obywatelstwo polskie lub obywatelstwo Unii Europejskiej, b\u0105d\u017a obywatelstwo innych pa\u0144stw, je\u015bli ich obywatelom na podstawie um\u00f3w mi\u0119dzynarodowych lub przepis\u00f3w prawa wsp\u00f3lnotowego przys\u0142uguje prawo do podj\u0119cia zatrudnienia na terytorium Rzeczypospolitej Polskiej.<\/p>\n\n\n\n<p>Oferujemy:<br>\u2022 umow\u0119 o prac\u0119 na zast\u0119pstwo na okres nieobecno\u015bci pracownika,<br>\u2022 praca w r\u00f3wnowa\u017cnym systemie czasu pracy, g\u0142\u00f3wnie w plac\u00f3wce ARTHOUSE Ko\u0142owa &#8211; nowoczesnym kompleksie kulturalno-sportowym, przy ul. Ko\u0142owej 18 w Warszawie,<br>\u2022 wynagrodzenie brutto 7 300,00 z\u0142 obejmuje wszystkie sk\u0142adniki p\u0142acowe: wynagrodzenie zasadnicze + dodatek sta\u017cowy,<br>\u2022 fundusz \u015bwiadcze\u0144 socjalnych: wczasy pod grusz\u0105 i wsparcie finansowe w zwi\u0105zku ze zwi\u0119kszonymi wydatkami w okresie zimowym;<br>\u2022 nagrody 2 razy w roku: w czerwcu i w grudniu.<\/p>\n\n\n\n<p>Termin przyjmowania ofert:<br>Zainteresowane osoby prosimy o przes\u0142anie CV wraz z <a href=\"https:\/\/bip2.dkswit.com.pl\/wp-content\/uploads\/2024\/06\/oswiadczenie_rekrutacja.pdf\"> o\u015bwiadczenie o przetwarzaniu danych osobowych do cel\u00f3w rekrutacyjnych<\/a> na adres: <a href=\"mailto:rekrutacja@dkswit.com.pl\" target=\"_blank\" rel=\"noreferrer noopener\">rekrutacja@dkswit.com.pl<\/a> z nazw\u0105 stanowiska: Koordynator ARTHOUSE Ko\u0142owa w temacie wiadomo\u015bci lub dostarczenie osobiste w zaklejonej i opisanej kopercie do kasy DK \u201e\u015awit\u201d do dnia 19.02.2025r. z dopiskiem \u201erekrutacja na stanowisko Koordynator ARTHOUSE Ko\u0142owa\u201d. Informujemy, \u017ce skontaktujemy si\u0119 tylko w wybranymi Kandydatami. Pozosta\u0142ym osobom dzi\u0119kujemy za zainteresowanie nasz\u0105 ofert\u0105. Nades\u0142anych dokument\u00f3w nie zwracamy.<br>Przetwarzanie danych osobowych w procesie rekrutacji:<br>Do cel\u00f3w rekrutacyjnych prosimy zawrze\u0107 w aplikacji niniejsz\u0105 klauzul\u0119:<br>\u201eZgoda na przetwarzanie danych osobowych<br>Wyra\u017cam zgod\u0119 na przetwarzanie moich danych osobowych w procesie rekrutacji na stanowisko Koordynator ARTHOUSE Ko\u0142owa, prowadzonej przez Dom Kultury \u201e\u015awit\u201d w Dzielnicy Targ\u00f3wek m. st. Warszawy, ul. Wysockiego 11, 03-371 Warszawa\u201d. Jednocze\u015bnie o\u015bwiadczam, \u017ce zosta\u0142am\/em poinformowana\/y o przys\u0142uguj\u0105cym mi prawie dost\u0119pu do tre\u015bci moich danych oraz ich poprawiania, wycofania zgody na ich przetwarzanie w ka\u017cdym czasie, jak r\u00f3wnie\u017c, \u017ce podanie tych danych by\u0142o dobrowolne oraz, \u017ce w sprawach zwi\u0105zanych z moimi danymi mog\u0119 kontaktowa\u0107 si\u0119 z Inspektorem Ochrony Danych pod adresem iod@dkswit.com.pl \u201d<\/p>\n\n\n\n<p>Informacja dotycz\u0105ca przetwarzania danych osobowych:<br>Administratorem Pa\u0144stwa danych osobowych jest Dom Kultury \u201e\u015awit\u201d w Dzielnicy Targ\u00f3wek m. st. Warszawy, ul. Wysockiego 11, 03-371 Warszawa, swit@dkswit.com.pl. Pa\u0144stwa dane zbierane s\u0105 w celu przeprowadzenia procesu rekrutacji na stanowisko Koordynator ARTHOUSE Ko\u0142owa. Podanie danych jest dobrowolne. Nie podanie danych skutkowa\u0142o b\u0119dzie brakiem mo\u017cliwo\u015bci wzi\u0119cia udzia\u0142u w rekrutacji. Dane b\u0119d\u0105 przetwarzane tylko i wy\u0142\u0105cznie przez okres trwania wymienionego procesu rekrutacji. Po zako\u0144czeniu dzia\u0142a\u0144 zwi\u0105zanych z procesem zostan\u0105 one usuni\u0119te. Dane nie b\u0119d\u0105 udost\u0119pniane odbiorcom danych, a przetwarzane jedynie w celu okre\u015blonym powy\u017cej. Dane nie b\u0119d\u0105 r\u00f3wnie\u017c przetwarzane w spos\u00f3b zautomatyzowany.<br>W ramach przetwarzania danych przez Administratora przys\u0142uguje Pa\u0144stwu prawo:<br>\u2022 anulowania wydanej zgody;<br>\u2022 dost\u0119pu do danych, uzyskania kopii;<br>\u2022 do sprostowania danych;<br>\u2022 do \u201ebycia zapomnianym\u201d \u2013 usuni\u0119cia danych z bazy;<br>\u2022 do ograniczenia przetwarzania danych;<br>\u2022 do przenoszenia danych;<br>\u2022 do z\u0142o\u017cenia skargi do organu nadzorczego.<br>W sprawach zwi\u0105zanych z Pa\u0144stwa danymi oraz ich przetwarzaniem mog\u0105 si\u0119 Pa\u0144stwo kontaktowa\u0107 z Inspektorem Ochrony Danych Osobowych mailowo pod adresem: iod@dkswit.com.pl<\/p>\n\n\n\n<p>Dopuszcza si\u0119 aplikowanie na stanowisko Koordynator ARTHOUSE Ko\u0142owa w wyznaczonym powy\u017cej terminie poprzez portale internetowe zwi\u0105zane z publikacj\u0105 og\u0142osze\u0144 o prac\u0119, na kt\u00f3rych to Dom Kultury &#8222;\u015awit&#8221; w Dzielnicy Targ\u00f3wek m.st. Warszawy zamie\u015bci przedmiotowe og\u0142oszenie.<\/p>\n\n\n\n<p>Dodatkowe informacje do procesu rekrutacji:<br>\u2022 W Domu Kultury \u201e\u015awit\u201d obowi\u0105zuje Procedura zg\u0142osze\u0144 wewn\u0119trznych, wprowadzona na podstawie przepis\u00f3w ustawy z dnia 14 czerwca 2024 r. o ochronie sygnalist\u00f3w.<br>\u2022 W zwi\u0105zku z ww. Procedur\u0105 przys\u0142uguje uprawnienie zg\u0142oszenia naruszenia prawa polegaj\u0105cego na dzia\u0142aniu lub zaniechaniu niezgodnym z prawem lub maj\u0105cym na celu obej\u015bcie prawa, we wszystkich dziedzinach wskazanych w art. 3 ust. 1 ustawy o ochronie sygnalist\u00f3w.<br>\u2022 Zg\u0142osze\u0144 mo\u017cna dokonywa\u0107 w nast\u0119puj\u0105cy spos\u00f3b \u2013 osobi\u015bcie do Koordynatora ds. zg\u0142osze\u0144.<br>\u2022 W miesi\u0105cu poprzedzaj\u0105cym dat\u0119 upublicznienia og\u0142oszenia wska\u017anik zatrudnienia os\u00f3b niepe\u0142nosprawnych w jednostce w rozumieniu przepis\u00f3w o rehabilitacji zawodowej i spo\u0142ecznej oraz zatrudnianiu os\u00f3b niepe\u0142nosprawnych, jest wy\u017cszy ni\u017c 6%.<\/p>\n","protected":false},"excerpt":{"rendered":"<p>Dom Kultury \u201e\u015awit\u201d w Dzielnicy Targ\u00f3wek m.st Warszawy w zwi\u0105zku z dynamicznym rozwojem do swojego zespo\u0142u poszukuje os\u00f3b na stanowisko Miejsce pracy: m.st. Warszawa, ARTHOUSE Ko\u0142owa przy ul. Ko\u0142owej 18 Zadania:1) koordynowanie dzia\u0142alno\u015bci ARTHOUSE Ko\u0142owa,2) wsp\u00f3\u0142dzia\u0142anie z mieszka\u0144cami oraz wsparcie przy realizacji inicjatyw s\u0105siedzkich;3) opracowywanie harmonogram\u00f3w, planowanie i organizowanie dzia\u0142a\u0144 ARTHOUSE Ko\u0142owa;4) nadz\u00f3r nad bud\u017cetem ARTHOUSE Ko\u0142owa;5) koordynacja wydarze\u0144 oraz projekt\u00f3w spo\u0142eczno-kulturalnych, w tym wsp\u00f3\u0142praca z mieszka\u0144cami, wolontariuszami, NGO;6) pozyskiwanie i wsp\u00f3\u0142praca z partnerami;7) podstawowe prace administracyjne i koordynacja dzia\u0142a\u0144 zespo\u0142\u00f3w;8) budowanie oraz wdra\u017canie strategii promocyjnej;9) promocja nowych plac\u00f3wek DK&hellip;<\/p>\n","protected":false},"author":3,"featured_media":0,"parent":0,"menu_order":0,"comment_status":"closed","ping_status":"closed","template":"","meta":{"footnotes":""},"class_list":["post-1072","page","type-page","status-publish","hentry"],"_links":{"self":[{"href":"https:\/\/bip2.dkswit.com.pl\/index.php\/wp-json\/wp\/v2\/pages\/1072","targetHints":{"allow":["GET"]}}],"collection":[{"href":"https:\/\/bip2.dkswit.com.pl\/index.php\/wp-json\/wp\/v2\/pages"}],"about":[{"href":"https:\/\/bip2.dkswit.com.pl\/index.php\/wp-json\/wp\/v2\/types\/page"}],"author":[{"embeddable":true,"href":"https:\/\/bip2.dkswit.com.pl\/index.php\/wp-json\/wp\/v2\/users\/3"}],"replies":[{"embeddable":true,"href":"https:\/\/bip2.dkswit.com.pl\/index.php\/wp-json\/wp\/v2\/comments?post=1072"}],"version-history":[{"count":3,"href":"https:\/\/bip2.dkswit.com.pl\/index.php\/wp-json\/wp\/v2\/pages\/1072\/revisions"}],"predecessor-version":[{"id":1077,"href":"https:\/\/bip2.dkswit.com.pl\/index.php\/wp-json\/wp\/v2\/pages\/1072\/revisions\/1077"}],"wp:attachment":[{"href":"https:\/\/bip2.dkswit.com.pl\/index.php\/wp-json\/wp\/v2\/media?parent=1072"}],"curies":[{"name":"wp","href":"https:\/\/api.w.org\/{rel}","templated":true}]}}