{"id":101,"date":"2021-02-19T16:34:18","date_gmt":"2021-02-19T15:34:18","guid":{"rendered":"http:\/\/bip2.dkswit.com.pl\/?page_id=101"},"modified":"2022-09-20T12:13:46","modified_gmt":"2022-09-20T10:13:46","slug":"zamowienia-publiczne","status":"publish","type":"page","link":"https:\/\/bip2.dkswit.com.pl\/index.php\/zamowienia-publiczne\/","title":{"rendered":"ZAM\u00d3WIENIA PUBLICZNE"},"content":{"rendered":"\n<p><strong><a><strong>Pe\u0142nienie us\u0142ugi nadzoru budowlanego w bran\u017cach konstrukcyjno-budowlanej, sanitarnej oraz elektrycznej w ramach rob\u00f3t budowlanych pn. <\/strong><\/a><\/strong><span class=\"has-inline-color has-black-color\"><strong><strong>Przedmiotem zam\u00f3wienia jest wykonanie rob\u00f3t budowlanych polegaj\u0105cych na przebudowie lokalu nr 3 oraz budowie pochylni dla os\u00f3b<\/strong> niepe\u0142nosprawnych przy ul. Radzymi\u0144skiej 123 na potrzeby Zadania Inwestycyjnego <\/strong> <a>\u201eDom Otwarty z Arteneum \u2013 pierwszy komplementarny dom kultury dla os\u00f3b z niepe\u0142nosprawno\u015bci\u0105\u201d<\/a>.<\/span><\/p>\n\n\n\n<div class=\"wp-block-file\"><a href=\"https:\/\/bip2.dkswit.com.pl\/wp-content\/uploads\/2022\/09\/Zapytanie_ofertowe-inspektor-nadzoru.doc\">Zapytanie ofertowe inspektor nadzoru<\/a><a href=\"https:\/\/bip2.dkswit.com.pl\/wp-content\/uploads\/2022\/09\/Zapytanie_ofertowe-inspektor-nadzoru.doc\" class=\"wp-block-file__button\" download>Pobierz<\/a><\/div>\n\n\n\n<div class=\"wp-block-file\"><a href=\"https:\/\/bip2.dkswit.com.pl\/wp-content\/uploads\/2022\/09\/Zalacznik-Nr-1-Formularz-oferty.docx\">Zalacznik-Nr-1-Formularz-oferty<\/a><a href=\"https:\/\/bip2.dkswit.com.pl\/wp-content\/uploads\/2022\/09\/Zalacznik-Nr-1-Formularz-oferty.docx\" class=\"wp-block-file__button\" download>Pobierz<\/a><\/div>\n\n\n\n<div class=\"wp-block-file\"><a href=\"https:\/\/bip2.dkswit.com.pl\/wp-content\/uploads\/2022\/09\/Zalacznik-Nr-2-Wzor-umowy.docx\">Zalacznik-Nr-2-Wzor-umowy<\/a><a href=\"https:\/\/bip2.dkswit.com.pl\/wp-content\/uploads\/2022\/09\/Zalacznik-Nr-2-Wzor-umowy.docx\" class=\"wp-block-file__button\" download>Pobierz<\/a><\/div>\n\n\n\n<div class=\"wp-block-file\"><a href=\"https:\/\/bip2.dkswit.com.pl\/wp-content\/uploads\/2022\/09\/Zalacznik-Nr-3-Wykaz-uslug.doc\">Zalacznik-Nr-3-Wykaz-uslug<\/a><a href=\"https:\/\/bip2.dkswit.com.pl\/wp-content\/uploads\/2022\/09\/Zalacznik-Nr-3-Wykaz-uslug.doc\" class=\"wp-block-file__button\" download>Pobierz<\/a><\/div>\n\n\n\n<div class=\"wp-block-file\"><a href=\"https:\/\/bip2.dkswit.com.pl\/wp-content\/uploads\/2022\/09\/Zalacznik-Nr-4-Wykaz-osob.doc\">Zalacznik-Nr-4-Wykaz-osob<\/a><a href=\"https:\/\/bip2.dkswit.com.pl\/wp-content\/uploads\/2022\/09\/Zalacznik-Nr-4-Wykaz-osob.doc\" class=\"wp-block-file__button\" download>Pobierz<\/a><\/div>\n\n\n\n<div class=\"wp-block-file\"><a href=\"https:\/\/bip2.dkswit.com.pl\/wp-content\/uploads\/2022\/09\/Zalacznik-Nr-5-Klauzula-informacyjna.docx\">Zalacznik-Nr-5-Klauzula-informacyjna<\/a><a href=\"https:\/\/bip2.dkswit.com.pl\/wp-content\/uploads\/2022\/09\/Zalacznik-Nr-5-Klauzula-informacyjna.docx\" class=\"wp-block-file__button\" download>Pobierz<\/a><\/div>\n\n\n\n<div class=\"wp-block-file\"><a href=\"https:\/\/bip2.dkswit.com.pl\/wp-content\/uploads\/2022\/09\/Zalacznik-Nr-6-Oswiadczenie-wykluczenie.docx\">Zalacznik-Nr-6-Oswiadczenie-wykluczenie<\/a><a href=\"https:\/\/bip2.dkswit.com.pl\/wp-content\/uploads\/2022\/09\/Zalacznik-Nr-6-Oswiadczenie-wykluczenie.docx\" class=\"wp-block-file__button\" download>Pobierz<\/a><\/div>\n\n\n\n<p><\/p>\n","protected":false},"excerpt":{"rendered":"<p>Pe\u0142nienie us\u0142ugi nadzoru budowlanego w bran\u017cach konstrukcyjno-budowlanej, sanitarnej oraz elektrycznej w ramach rob\u00f3t budowlanych pn. Przedmiotem zam\u00f3wienia jest wykonanie rob\u00f3t budowlanych polegaj\u0105cych na przebudowie lokalu nr 3 oraz budowie pochylni dla os\u00f3b niepe\u0142nosprawnych przy ul. Radzymi\u0144skiej 123 na potrzeby Zadania Inwestycyjnego \u201eDom Otwarty z Arteneum \u2013 pierwszy komplementarny dom kultury dla os\u00f3b z niepe\u0142nosprawno\u015bci\u0105\u201d.<\/p>\n","protected":false},"author":2,"featured_media":0,"parent":0,"menu_order":0,"comment_status":"closed","ping_status":"closed","template":"","meta":{"footnotes":""},"class_list":["post-101","page","type-page","status-publish","hentry"],"_links":{"self":[{"href":"https:\/\/bip2.dkswit.com.pl\/index.php\/wp-json\/wp\/v2\/pages\/101","targetHints":{"allow":["GET"]}}],"collection":[{"href":"https:\/\/bip2.dkswit.com.pl\/index.php\/wp-json\/wp\/v2\/pages"}],"about":[{"href":"https:\/\/bip2.dkswit.com.pl\/index.php\/wp-json\/wp\/v2\/types\/page"}],"author":[{"embeddable":true,"href":"https:\/\/bip2.dkswit.com.pl\/index.php\/wp-json\/wp\/v2\/users\/2"}],"replies":[{"embeddable":true,"href":"https:\/\/bip2.dkswit.com.pl\/index.php\/wp-json\/wp\/v2\/comments?post=101"}],"version-history":[{"count":7,"href":"https:\/\/bip2.dkswit.com.pl\/index.php\/wp-json\/wp\/v2\/pages\/101\/revisions"}],"predecessor-version":[{"id":545,"href":"https:\/\/bip2.dkswit.com.pl\/index.php\/wp-json\/wp\/v2\/pages\/101\/revisions\/545"}],"wp:attachment":[{"href":"https:\/\/bip2.dkswit.com.pl\/index.php\/wp-json\/wp\/v2\/media?parent=101"}],"curies":[{"name":"wp","href":"https:\/\/api.w.org\/{rel}","templated":true}]}}